{"id":13181,"date":"2025-11-11T22:49:13","date_gmt":"2025-11-11T22:49:13","guid":{"rendered":"https:\/\/carsforluxe.com\/?post_type=product&#038;p=13181"},"modified":"2025-11-11T22:51:48","modified_gmt":"2025-11-11T22:51:48","slug":"bmw-x5","status":"publish","type":"product","link":"https:\/\/carsforluxe.com\/?product=bmw-x5","title":{"rendered":"BMW X5"},"content":{"rendered":"<div dir=\"auto\">BMW X5<\/div>\n<div dir=\"auto\">xDrive30d M Sport Leder\/ACC\/Kamera\/Virtual \/ 286 ch \/ 2023 \/ automatique \/ diesel \/ 39 100 km ( certifi\u00e9)<\/div>\n<div dir=\"auto\"><\/div>\n<div dir=\"auto\">\n<div class=\"x14z9mp xat24cr x1lziwak x1vvkbs xtlvy1s x126k92a\">\n<div dir=\"auto\">Caract\u00e9ristiques<\/div>\n<\/div>\n<div class=\"x14z9mp xat24cr x1lziwak x1vvkbs xtlvy1s x126k92a\">\n<div dir=\"auto\">4&#215;4<\/div>\n<div dir=\"auto\">ABS<\/div>\n<div dir=\"auto\">Accoudoir<\/div>\n<div dir=\"auto\">Affichage t\u00eate haute<\/div>\n<div dir=\"auto\">Android Auto<\/div>\n<div dir=\"auto\">Antid\u00e9marrage<\/div>\n<div dir=\"auto\">Apple CarPlay<\/div>\n<div dir=\"auto\">Assistance au freinage d&#8217;urgence<\/div>\n<div dir=\"auto\">Assistance de d\u00e9marrage en c\u00f4te<\/div>\n<div dir=\"auto\">Assistant d&#8217;angle mort<\/div>\n<div dir=\"auto\">Attache remorque pivotante<\/div>\n<div dir=\"auto\">Avertisseur de franchissement de ligne<\/div>\n<div dir=\"auto\">Bluetooth<\/div>\n<div dir=\"auto\">Bo\u00eete de vitesses robotis\u00e9e<\/div>\n<div dir=\"auto\">Capteur de lumi\u00e8re<\/div>\n<div dir=\"auto\">Capteur de pluie<\/div>\n<div dir=\"auto\">Carnet d&#8217;entretien<\/div>\n<div dir=\"auto\">Chargement par induction pour smartphones<\/div>\n<div dir=\"auto\">Chauffage auxiliaire<\/div>\n<div dir=\"auto\">Cockpit num\u00e9rique<\/div>\n<div dir=\"auto\">Commande vocale<\/div>\n<div dir=\"auto\">Contr\u00f4le de la pression des pneus<\/div>\n<div dir=\"auto\">Diesel avec filtre \u00e0 particules<\/div>\n<div dir=\"auto\">Direction assist\u00e9e<\/div>\n<div dir=\"auto\">\u00c9clairage d&#8217;ambiance<\/div>\n<div dir=\"auto\">\u00c9cran tactile<\/div>\n<div dir=\"auto\">ESP<\/div>\n<div dir=\"auto\">Fermeture centralis\u00e9e<\/div>\n<div dir=\"auto\">Feux de jour LED<\/div>\n<div dir=\"auto\">Galerie de toit<\/div>\n<div dir=\"auto\">GPS<\/div>\n<div dir=\"auto\">Grille de protection pour coffre<\/div>\n<div dir=\"auto\">Hayon \u00e9lectrique<\/div>\n<div dir=\"auto\">Isofix<\/div>\n<div dir=\"auto\">Jantes alliage<\/div>\n<div dir=\"auto\">Kit mains libres<\/div>\n<div dir=\"auto\">Ordinateur de bord<\/div>\n<div dir=\"auto\">Package hiver<\/div>\n<div dir=\"auto\">Pack sport<\/div>\n<div dir=\"auto\">Phares LED<\/div>\n<div dir=\"auto\">Port USB<\/div>\n<div dir=\"auto\">Radio DAB<\/div>\n<div dir=\"auto\">R\u00e9glage \u00e9lectrique des si\u00e8ges<\/div>\n<div dir=\"auto\">R\u00e9gulateur de vitesse adaptatif<\/div>\n<div dir=\"auto\">R\u00e9troviseur ext\u00e9rieur \u00e9lectrique<\/div>\n<div dir=\"auto\">Si\u00e8ges chauffants<\/div>\n<div dir=\"auto\">Si\u00e8ges sport<\/div>\n<div dir=\"auto\">Suspension pneumatique<\/div>\n<div dir=\"auto\">Syst\u00e8me antipatinage<\/div>\n<div dir=\"auto\">Syst\u00e8me d&#8217;alarme<\/div>\n<div dir=\"auto\">Syst\u00e8me d&#8217;appel d&#8217;urgence<\/div>\n<div dir=\"auto\">Syst\u00e8me d&#8217;avertissement de la distance<\/div>\n<div dir=\"auto\">Syst\u00e8me de reconnaissance des panneaux de signalisation<\/div>\n<div dir=\"auto\">Syst\u00e8me de sonorisation<\/div>\n<div dir=\"auto\">Syst\u00e8me Stop &amp; Start<\/div>\n<div dir=\"auto\">Toit ouvrant<\/div>\n<div dir=\"auto\">Toit panoramique<\/div>\n<div dir=\"auto\">Tuner\/radio<\/div>\n<div dir=\"auto\">V\u00e9hicule non-fumeur<\/div>\n<div dir=\"auto\">Vitres \u00e9lectriques<\/div>\n<div dir=\"auto\">Volant chauffant<\/div>\n<div dir=\"auto\">Volant en cuir<\/div>\n<div dir=\"auto\">Volant multifonction<\/div>\n<div dir=\"auto\">WLAN \/ point d&#8217;acc\u00e8s Wi-Fi<\/div>\n<\/div>\n<\/div>\n","protected":false},"excerpt":{"rendered":"<div dir=\"auto\">BMW X5<\/div>\n<div dir=\"auto\">xDrive30d M Sport Leder\/ACC\/Kamera\/Virtual \/ 286 ch \/ 2023 \/ automatique \/ diesel \/ 39 100 km ( certifi\u00e9)<\/div>\n","protected":false},"featured_media":13182,"comment_status":"open","ping_status":"closed","template":"","meta":{"_acf_changed":false},"product_brand":[],"product_cat":[15],"product_tag":[],"class_list":{"0":"post-13181","1":"product","2":"type-product","3":"status-publish","4":"has-post-thumbnail","6":"product_cat-uncategorized","8":"first","9":"instock","10":"sale","11":"shipping-taxable","12":"purchasable","13":"product-type-simple"},"acf":[],"_links":{"self":[{"href":"https:\/\/carsforluxe.com\/index.php?rest_route=\/wp\/v2\/product\/13181","targetHints":{"allow":["GET"]}}],"collection":[{"href":"https:\/\/carsforluxe.com\/index.php?rest_route=\/wp\/v2\/product"}],"about":[{"href":"https:\/\/carsforluxe.com\/index.php?rest_route=\/wp\/v2\/types\/product"}],"replies":[{"embeddable":true,"href":"https:\/\/carsforluxe.com\/index.php?rest_route=%2Fwp%2Fv2%2Fcomments&post=13181"}],"wp:featuredmedia":[{"embeddable":true,"href":"https:\/\/carsforluxe.com\/index.php?rest_route=\/wp\/v2\/media\/13182"}],"wp:attachment":[{"href":"https:\/\/carsforluxe.com\/index.php?rest_route=%2Fwp%2Fv2%2Fmedia&parent=13181"}],"wp:term":[{"taxonomy":"product_brand","embeddable":true,"href":"https:\/\/carsforluxe.com\/index.php?rest_route=%2Fwp%2Fv2%2Fproduct_brand&post=13181"},{"taxonomy":"product_cat","embeddable":true,"href":"https:\/\/carsforluxe.com\/index.php?rest_route=%2Fwp%2Fv2%2Fproduct_cat&post=13181"},{"taxonomy":"product_tag","embeddable":true,"href":"https:\/\/carsforluxe.com\/index.php?rest_route=%2Fwp%2Fv2%2Fproduct_tag&post=13181"}],"curies":[{"name":"wp","href":"https:\/\/api.w.org\/{rel}","templated":true}]}}