{"id":13023,"date":"2025-11-11T18:41:33","date_gmt":"2025-11-11T18:41:33","guid":{"rendered":"https:\/\/carsforluxe.com\/?post_type=product&#038;p=13023"},"modified":"2025-11-11T18:41:34","modified_gmt":"2025-11-11T18:41:34","slug":"mercedes-benz-gle-450","status":"publish","type":"product","link":"https:\/\/carsforluxe.com\/?product=mercedes-benz-gle-450","title":{"rendered":"Mercedes-Benz GLE 450"},"content":{"rendered":"<div dir=\"auto\">Mercedes-Benz GLE 450<\/div>\n<div dir=\"auto\">d 4M COUP\u00c9 AMG AHK PANO NIGHT 270kW(367ch din)2022 \/ Automatique \/ Diesel \/ 27803km(certifi\u00e9)<\/div>\n<div dir=\"auto\"><\/div>\n<div dir=\"auto\">\n<div class=\"html-div xdj266r x14z9mp xat24cr x1lziwak xexx8yu xyri2b x18d9i69 x1c1uobl\">\n<div class=\"html-div xdj266r x14z9mp xat24cr x1lziwak xexx8yu xyri2b x18d9i69 x1c1uobl\" dir=\"auto\">\n<div class=\"html-div xdj266r x14z9mp xat24cr x1lziwak xexx8yu xyri2b x18d9i69 x1c1uobl\" data-ad-rendering-role=\"story_message\">\n<div id=\"_r_c7r_\" class=\"x1l90r2v x1iorvi4 x1g0dm76 xpdmqnj\" data-ad-comet-preview=\"message\" data-ad-preview=\"message\">\n<div class=\"x78zum5 xdt5ytf xz62fqu x16ldp7u\">\n<div class=\"xu06os2 x1ok221b\">\n<div class=\"html-div xdj266r x14z9mp xat24cr x1lziwak xexx8yu xyri2b x18d9i69 x1c1uobl\">\n<div class=\"x14z9mp xat24cr x1lziwak x1vvkbs xtlvy1s x126k92a\">\n<div dir=\"auto\">\u00c9quipements<\/div>\n<\/div>\n<div class=\"x14z9mp xat24cr x1lziwak x1vvkbs xtlvy1s x126k92a\">\n<div dir=\"auto\">ABS<\/div>\n<div dir=\"auto\">Accoudoir<\/div>\n<div dir=\"auto\">Airbags frontaux et lat\u00e9raux et autres<\/div>\n<div dir=\"auto\">Alerte de franchissement involontaire de ligne<\/div>\n<div dir=\"auto\">Antid\u00e9marrage<\/div>\n<div dir=\"auto\">Assistance de d\u00e9marrage en c\u00f4te<\/div>\n<div dir=\"auto\">Assistant feux de route<\/div>\n<div dir=\"auto\">Bluetooth<\/div>\n<div dir=\"auto\">Bo\u00eete de vitesses robotis\u00e9e<\/div>\n<div dir=\"auto\">Capteur de pluie<\/div>\n<div dir=\"auto\">Carnet d&#8217;entretien<\/div>\n<div dir=\"auto\">Climatisation automatique<\/div>\n<div dir=\"auto\">Commande vocale<\/div>\n<div dir=\"auto\">Contr\u00f4le automatique de la pression des pneus<\/div>\n<div dir=\"auto\">Direction assist\u00e9e<\/div>\n<div dir=\"auto\">Diesel avec filtre \u00e0 particules<\/div>\n<div dir=\"auto\">\u00c9clairage d&#8217;ambiance<\/div>\n<div dir=\"auto\">\u00c9clairage route non \u00e9blouissant<\/div>\n<div dir=\"auto\">Eletric seat adjustment with memory function<\/div>\n<div dir=\"auto\">ESP<\/div>\n<div dir=\"auto\">Fermeture centralis\u00e9e<\/div>\n<div dir=\"auto\">Feux de position LED<\/div>\n<div dir=\"auto\">Folding exterior mirrors<\/div>\n<div dir=\"auto\">GPS<\/div>\n<div dir=\"auto\">Isofix (points d&#8217;ancrage des si\u00e8ges pour enfants)<\/div>\n<div dir=\"auto\">Jantes alliage<\/div>\n<div dir=\"auto\">Lecteur CD<\/div>\n<div dir=\"auto\">Ordinateur de bord<\/div>\n<div dir=\"auto\">Pack sport<\/div>\n<div dir=\"auto\">Phares LED<\/div>\n<div dir=\"auto\">Port USB<\/div>\n<div dir=\"auto\">Radio DAB<\/div>\n<div dir=\"auto\">Rear wheel drive<\/div>\n<div dir=\"auto\">R\u00e9glage \u00e9lectrique des si\u00e8ges<\/div>\n<div dir=\"auto\">R\u00e9gulateur de vitesse<\/div>\n<div dir=\"auto\">R\u00e9troviseur ext\u00e9rieur \u00e9lectrique<\/div>\n<div dir=\"auto\">R\u00e9troviseur int\u00e9rieur anti-\u00e9blouissement automatique<\/div>\n<div dir=\"auto\">Si\u00e8ges chauffants<\/div>\n<div dir=\"auto\">Si\u00e8ges sport<\/div>\n<div dir=\"auto\">Streaming musical int\u00e9gr\u00e9<\/div>\n<div dir=\"auto\">Support lombaire<\/div>\n<div dir=\"auto\">Suspension sport<\/div>\n<div dir=\"auto\">Syst\u00e8me antipatinage<\/div>\n<div dir=\"auto\">Syst\u00e8me d&#8217;alarme<\/div>\n<div dir=\"auto\">Syst\u00e8me d&#8217;assistance aux angles morts<\/div>\n<div dir=\"auto\">Syst\u00e8me d&#8217;avertissement de la distance<\/div>\n<div dir=\"auto\">Syst\u00e8me de d\u00e9tection de la fatigue<\/div>\n<div dir=\"auto\">Syst\u00e8me de reconnaissance des panneaux de signalisation<\/div>\n<div dir=\"auto\">Syst\u00e8me de sonorisation<\/div>\n<div dir=\"auto\">Syst\u00e8me Stop &amp; Start<\/div>\n<div dir=\"auto\">Tinted windows<\/div>\n<div dir=\"auto\">Toit ouvrant<\/div>\n<div dir=\"auto\">Toit panoramique<\/div>\n<div dir=\"auto\">Tuner\/radio<\/div>\n<div dir=\"auto\">Ventilation du si\u00e8ge<\/div>\n<div dir=\"auto\">Verrouillage centralis\u00e9 sans cl\u00e9<\/div>\n<div dir=\"auto\">Vitres \u00e9lectriques<\/div>\n<div dir=\"auto\">Volant en cuir<\/div>\n<div dir=\"auto\">Volant multifonction<\/div>\n<div dir=\"auto\">Wifi<\/div>\n<\/div>\n<\/div>\n<\/div>\n<\/div>\n<\/div>\n<\/div>\n<\/div>\n<div id=\"_r_c7s_\" class=\"html-div xdj266r x14z9mp xat24cr x1lziwak xexx8yu xyri2b x18d9i69 x1c1uobl x1n2onr6\">\n<div class=\"html-div xdj266r x14z9mp xat24cr x1lziwak xexx8yu xyri2b x18d9i69 x1c1uobl x1n2onr6\">\n<div class=\"html-div xdj266r x14z9mp xat24cr x1lziwak xexx8yu xyri2b x18d9i69 x1c1uobl\">\n<div class=\"x1n2onr6\">\n<div class=\"x1n2onr6\">\n<div class=\"x6ikm8r x10wlt62 x10l6tqk\"><\/div>\n<div class=\"x6ikm8r x10wlt62 x10l6tqk\"><\/div>\n<div class=\"x6ikm8r x10wlt62 x10l6tqk\"><\/div>\n<div class=\"x6ikm8r x10wlt62 x10l6tqk\"><\/div>\n<div class=\"x6ikm8r x10wlt62 x10l6tqk\"><\/div>\n<\/div>\n<\/div>\n<\/div>\n<\/div>\n<div class=\"html-div xdj266r x14z9mp xat24cr x1lziwak xexx8yu xyri2b x18d9i69 x1c1uobl x6ikm8r x10wlt62\"><\/div>\n<\/div>\n<\/div>\n<div>\n<div class=\"xabvvm4 xeyy32k x1ia1hqs x1a2w583 x6ikm8r x10wlt62\" data-visualcompletion=\"ignore-dynamic\">\n<div>\n<div>\n<div>\n<div class=\"x1n2onr6\">\n<div class=\"x6s0dn4 xi81zsa x78zum5 x6prxxf x13a6bvl xvq8zen xdj266r xat24cr x1c1uobl xyri2b x1diwwjn xbmvrgn x1yrsyyn x18d9i69\">\n<div class=\"x6s0dn4 x78zum5 x1iyjqo2 x6ikm8r x10wlt62\"><span id=\"_r_c7u_\" class=\"x6s0dn4 x78zum5 x135b78x\"><\/span><\/p>\n<div>\n<div class=\"x1i10hfl xjbqb8w x1ejq31n x18oe1m7 x1sy0etr xstzfhl x972fbf x10w94by x1qhh985 x14e42zd x9f619 x1ypdohk x3ct3a4 xdj266r x14z9mp xat24cr x1lziwak xexx8yu xyri2b x18d9i69 x1c1uobl x16tdsg8 x1hl2dhg xggy1nq x1fmog5m xu25z0z x140muxe xo1y3bh x1n2onr6 x87ps6o x1lku1pv x1a2a7pz x1heor9g xnl1qt8 x6ikm8r x10wlt62 x1vjfegm x1lliihq\" tabindex=\"0\" role=\"button\"><\/div>\n<\/div>\n<\/div>\n<div class=\"x1c4vz4f x2lah0s xci0xqf\"><\/div>\n<div class=\"x9f619 x1ja2u2z x78zum5 x2lah0s x1n2onr6 x1qughib x1qjc9v5 xozqiw3 x1q0g3np xyri2b x1c1uobl x1ws5yxj xw01apr x4cne27 xifccgj x123j3cw xs9asl8\"><\/div>\n<\/div>\n<\/div>\n<\/div>\n<\/div>\n<\/div>\n<\/div>\n<\/div>\n<\/div>\n","protected":false},"excerpt":{"rendered":"<div dir=\"auto\">Mercedes-Benz GLE 450<\/div>\n<div dir=\"auto\">d 4M COUP\u00c9 AMG AHK PANO NIGHT 270kW(367ch din)2022 \/ Automatique \/ Diesel \/ 27803km(certifi\u00e9)<\/div>\n","protected":false},"featured_media":13024,"comment_status":"open","ping_status":"closed","template":"","meta":{"_acf_changed":false},"product_brand":[],"product_cat":[15],"product_tag":[],"class_list":{"0":"post-13023","1":"product","2":"type-product","3":"status-publish","4":"has-post-thumbnail","6":"product_cat-uncategorized","8":"first","9":"instock","10":"sale","11":"shipping-taxable","12":"purchasable","13":"product-type-simple"},"acf":[],"_links":{"self":[{"href":"https:\/\/carsforluxe.com\/index.php?rest_route=\/wp\/v2\/product\/13023","targetHints":{"allow":["GET"]}}],"collection":[{"href":"https:\/\/carsforluxe.com\/index.php?rest_route=\/wp\/v2\/product"}],"about":[{"href":"https:\/\/carsforluxe.com\/index.php?rest_route=\/wp\/v2\/types\/product"}],"replies":[{"embeddable":true,"href":"https:\/\/carsforluxe.com\/index.php?rest_route=%2Fwp%2Fv2%2Fcomments&post=13023"}],"wp:featuredmedia":[{"embeddable":true,"href":"https:\/\/carsforluxe.com\/index.php?rest_route=\/wp\/v2\/media\/13024"}],"wp:attachment":[{"href":"https:\/\/carsforluxe.com\/index.php?rest_route=%2Fwp%2Fv2%2Fmedia&parent=13023"}],"wp:term":[{"taxonomy":"product_brand","embeddable":true,"href":"https:\/\/carsforluxe.com\/index.php?rest_route=%2Fwp%2Fv2%2Fproduct_brand&post=13023"},{"taxonomy":"product_cat","embeddable":true,"href":"https:\/\/carsforluxe.com\/index.php?rest_route=%2Fwp%2Fv2%2Fproduct_cat&post=13023"},{"taxonomy":"product_tag","embeddable":true,"href":"https:\/\/carsforluxe.com\/index.php?rest_route=%2Fwp%2Fv2%2Fproduct_tag&post=13023"}],"curies":[{"name":"wp","href":"https:\/\/api.w.org\/{rel}","templated":true}]}}