{"id":13008,"date":"2025-11-11T18:27:20","date_gmt":"2025-11-11T18:27:20","guid":{"rendered":"https:\/\/carsforluxe.com\/?post_type=product&#038;p=13008"},"modified":"2025-11-11T18:27:21","modified_gmt":"2025-11-11T18:27:21","slug":"mercedes-benz-glc-220","status":"publish","type":"product","link":"https:\/\/carsforluxe.com\/?product=mercedes-benz-glc-220","title":{"rendered":"Mercedes-Benz GLC 220"},"content":{"rendered":"<div dir=\"auto\">Mercedes-Benz GLC 220<\/div>\n<div dir=\"auto\">d 4Matic \/ PANORAMA\/LED\/360 KAMERA \/ 197 CH \/ 2025 \/ automatique \/ diesel \/ 5100 km ( certifi\u00e9)<\/div>\n<div dir=\"auto\"><\/div>\n<div dir=\"auto\">\n<div class=\"x14z9mp xat24cr x1lziwak x1vvkbs xtlvy1s x126k92a\">\n<div dir=\"auto\">Caract\u00e9ristiques<\/div>\n<\/div>\n<div class=\"x14z9mp xat24cr x1lziwak x1vvkbs xtlvy1s x126k92a\">\n<div dir=\"auto\">4&#215;4<\/div>\n<div dir=\"auto\">ABS<\/div>\n<div dir=\"auto\">Accoudoir<\/div>\n<div dir=\"auto\">Android Auto<\/div>\n<div dir=\"auto\">Antid\u00e9marrage<\/div>\n<div dir=\"auto\">Apple CarPlay<\/div>\n<div dir=\"auto\">Assistant d&#8217;angle mort<\/div>\n<div dir=\"auto\">Assistant de sortie de stationnement<\/div>\n<div dir=\"auto\">Attache remorque fixe<\/div>\n<div dir=\"auto\">Avertisseur de franchissement de ligne<\/div>\n<div dir=\"auto\">Bluetooth<\/div>\n<div dir=\"auto\">Capteur de pluie<\/div>\n<div dir=\"auto\">\u00c9clairage d&#8217;ambiance<\/div>\n<div dir=\"auto\">ESP<\/div>\n<div dir=\"auto\">Fermeture centralis\u00e9e<\/div>\n<div dir=\"auto\">Feux de jour LED<\/div>\n<div dir=\"auto\">GPS<\/div>\n<div dir=\"auto\">Hayon \u00e9lectrique<\/div>\n<div dir=\"auto\">Isofix<\/div>\n<div dir=\"auto\">Jantes alliage<\/div>\n<div dir=\"auto\">Ordinateur de bord<\/div>\n<div dir=\"auto\">Phare antibrouillard<\/div>\n<div dir=\"auto\">Phares LED<\/div>\n<div dir=\"auto\">Pneus \u00e9t\u00e9<\/div>\n<div dir=\"auto\">R\u00e9glage \u00e9lectrique des si\u00e8ges<\/div>\n<div dir=\"auto\">R\u00e9gulateur de vitesse adaptatif<\/div>\n<div dir=\"auto\">Si\u00e8ges chauffants<\/div>\n<div dir=\"auto\">Support lombaire<\/div>\n<div dir=\"auto\">Syst\u00e8me antipatinage<\/div>\n<div dir=\"auto\">Syst\u00e8me de d\u00e9tection de la fatigue<\/div>\n<div dir=\"auto\">Syst\u00e8me de reconnaissance des panneaux de signalisation<\/div>\n<div dir=\"auto\">Syst\u00e8me de sonorisation<\/div>\n<div dir=\"auto\">Syst\u00e8me Stop &amp; Start<\/div>\n<div dir=\"auto\">Toit panoramique<\/div>\n<div dir=\"auto\">Vitres \u00e9lectriques<\/div>\n<div dir=\"auto\">Vitres teint\u00e9es<\/div>\n<div dir=\"auto\">Volant en cuir<\/div>\n<div dir=\"auto\">Volant multifonction<\/div>\n<\/div>\n<\/div>\n","protected":false},"excerpt":{"rendered":"<div dir=\"auto\">Mercedes-Benz GLC 220<\/div>\n<div dir=\"auto\">d 4Matic \/ PANORAMA\/LED\/360 KAMERA \/ 197 CH \/ 2025 \/ automatique \/ diesel \/ 5100 km ( certifi\u00e9)<\/div>\n","protected":false},"featured_media":13009,"comment_status":"open","ping_status":"closed","template":"","meta":{"_acf_changed":false},"product_brand":[],"product_cat":[15],"product_tag":[],"class_list":{"0":"post-13008","1":"product","2":"type-product","3":"status-publish","4":"has-post-thumbnail","6":"product_cat-uncategorized","8":"first","9":"instock","10":"sale","11":"shipping-taxable","12":"purchasable","13":"product-type-simple"},"acf":[],"_links":{"self":[{"href":"https:\/\/carsforluxe.com\/index.php?rest_route=\/wp\/v2\/product\/13008","targetHints":{"allow":["GET"]}}],"collection":[{"href":"https:\/\/carsforluxe.com\/index.php?rest_route=\/wp\/v2\/product"}],"about":[{"href":"https:\/\/carsforluxe.com\/index.php?rest_route=\/wp\/v2\/types\/product"}],"replies":[{"embeddable":true,"href":"https:\/\/carsforluxe.com\/index.php?rest_route=%2Fwp%2Fv2%2Fcomments&post=13008"}],"wp:featuredmedia":[{"embeddable":true,"href":"https:\/\/carsforluxe.com\/index.php?rest_route=\/wp\/v2\/media\/13009"}],"wp:attachment":[{"href":"https:\/\/carsforluxe.com\/index.php?rest_route=%2Fwp%2Fv2%2Fmedia&parent=13008"}],"wp:term":[{"taxonomy":"product_brand","embeddable":true,"href":"https:\/\/carsforluxe.com\/index.php?rest_route=%2Fwp%2Fv2%2Fproduct_brand&post=13008"},{"taxonomy":"product_cat","embeddable":true,"href":"https:\/\/carsforluxe.com\/index.php?rest_route=%2Fwp%2Fv2%2Fproduct_cat&post=13008"},{"taxonomy":"product_tag","embeddable":true,"href":"https:\/\/carsforluxe.com\/index.php?rest_route=%2Fwp%2Fv2%2Fproduct_tag&post=13008"}],"curies":[{"name":"wp","href":"https:\/\/api.w.org\/{rel}","templated":true}]}}