{"id":12985,"date":"2025-11-11T11:38:52","date_gmt":"2025-11-11T11:38:52","guid":{"rendered":"https:\/\/carsforluxe.com\/?post_type=product&#038;p=12985"},"modified":"2025-11-11T11:38:52","modified_gmt":"2025-11-11T11:38:52","slug":"peugeot-3008","status":"publish","type":"product","link":"https:\/\/carsforluxe.com\/?product=peugeot-3008","title":{"rendered":"Peugeot 3008"},"content":{"rendered":"<h3 class=\"MKudN DaDwz HBWcC DyuPj\"><span dir=\"auto\">Donn\u00e9es techniques<\/span><\/h3>\n<div>\n<div>\n<dl class=\"m4qzs\">\n<dt class=\"NcUki cOUSK nuAmT\" data-testid=\"damageCondition-item\"><span dir=\"auto\">\u00c9tat du v\u00e9hicule<\/span><button class=\"MefuX gsbIM\" type=\"button\" aria-label=\"info\"><\/button><\/dt>\n<dd class=\"nuAmT\"><span dir=\"auto\">V\u00e9hicule neuf, sans accident<\/span><\/dd>\n<dt class=\"NcUki cOUSK nuAmT\" data-testid=\"category-item\"><span dir=\"auto\">cat\u00e9gorie<\/span><\/dt>\n<dd class=\"nuAmT\"><span dir=\"auto\">SUV\/V\u00e9hicule tout-terrain\/Camionnette<\/span><\/dd>\n<dt class=\"NcUki cOUSK nuAmT\" data-testid=\"trimLine-item\"><span dir=\"auto\">Ligne d&#8217;\u00e9quipement<\/span><\/dt>\n<dd class=\"nuAmT\"><span dir=\"auto\">S\u00e9duire<\/span><\/dd>\n<dt class=\"NcUki cOUSK nuAmT\" data-testid=\"sku-item\"><span dir=\"auto\">Num\u00e9ro de v\u00e9hicule<\/span><\/dt>\n<dd class=\"nuAmT\"><span dir=\"auto\">SR3008AllEF<\/span><\/dd>\n<dt class=\"NcUki cOUSK nuAmT\" data-testid=\"availability-item\"><span dir=\"auto\">Disponibilit\u00e9<\/span><\/dt>\n<dd class=\"nuAmT\"><span dir=\"auto\">Disponible dans 3 mois \u00e0 compter de la date de commande<\/span><\/dd>\n<dt class=\"NcUki cOUSK nuAmT\" data-testid=\"countryVersion-item\"><span dir=\"auto\">Origine<\/span><\/dt>\n<dd class=\"nuAmT\"><span dir=\"auto\">version allemande<\/span><\/dd>\n<dt class=\"NcUki cOUSK nuAmT\" data-testid=\"mileage-item\"><span dir=\"auto\">Kilom\u00e9trage<\/span><\/dt>\n<dd class=\"nuAmT\"><span dir=\"auto\">0 km<\/span><\/dd>\n<dt class=\"NcUki cOUSK nuAmT\" data-testid=\"cubicCapacity-item\"><span dir=\"auto\">Cylindr\u00e9e du moteur<\/span><\/dt>\n<dd class=\"nuAmT\"><span dir=\"auto\">1 199 cm\u00b3<\/span><\/dd>\n<dt class=\"NcUki cOUSK nuAmT\" data-testid=\"power-item\"><span dir=\"auto\">Performance<\/span><\/dt>\n<dd class=\"nuAmT\"><span dir=\"auto\">107 kW (145 ch)<\/span><\/dd>\n<dt class=\"NcUki cOUSK nuAmT\" data-testid=\"envkv.engineType-item\"><span dir=\"auto\">Type de lecteur<\/span><\/dt>\n<dd class=\"nuAmT\"><span dir=\"auto\">moteur \u00e0 combustion interne<\/span><\/dd>\n<dt class=\"NcUki cOUSK nuAmT\" data-testid=\"fuel-item\"><span dir=\"auto\">Type de carburant<\/span><\/dt>\n<dd class=\"nuAmT\"><span dir=\"auto\">essence<\/span><\/dd>\n<dt class=\"NcUki cOUSK nuAmT\" data-testid=\"envkv.energyConsumption-item\"><span dir=\"auto\">Consommation d&#8217;\u00e9nergie (combin\u00e9e)\u00a0<\/span><sup><span dir=\"auto\">2<\/span><\/sup><\/dt>\n<dd class=\"nuAmT\"><span dir=\"auto\">5,6 l\/100 km<\/span><\/dd>\n<dt class=\"NcUki cOUSK nuAmT\" data-testid=\"envkv.co2Emissions-item\"><span dir=\"auto\">\u00c9missions de CO\u2082 (combin\u00e9es)\u00a0<\/span><sup><span dir=\"auto\">2<\/span><\/sup><button class=\"MefuX gsbIM\" type=\"button\" aria-label=\"info\"><\/button><\/dt>\n<dd class=\"nuAmT\"><span dir=\"auto\">126 g\/km<\/span><\/dd>\n<dt class=\"NcUki cOUSK nuAmT\" data-testid=\"envkv.co2Class-item\"><span dir=\"auto\">classe CO\u2082<\/span><\/dt>\n<dd class=\"nuAmT\">\n<div><span dir=\"auto\">Sur la base des \u00e9missions de CO\u2082 (combin\u00e9es)<\/span><\/div>\n<div>\n<dl class=\"m4qzs\">\n<dt class=\"NcUki cOUSK nuAmT\" data-testid=\"envkv.consumptionDetails.fuel-item\"><span dir=\"auto\">Consommation de carburant\u00a0<\/span><sup><span dir=\"auto\">2<\/span><\/sup><\/dt>\n<dd class=\"nuAmT\">\n<div class=\"Js08r\"><span dir=\"auto\">5,6 l\/100 km (mixte)<\/span><\/div>\n<\/dd>\n<dt class=\"NcUki cOUSK nuAmT\" data-testid=\"envkv.consumptionCosts-item\"><span dir=\"auto\">Co\u00fbts \u00e9nerg\u00e9tiques pour un kilom\u00e9trage annuel de 15\u00a0000\u00a0<\/span><sup><span dir=\"auto\">km\u00b2<\/span><\/sup><\/dt>\n<dd class=\"nuAmT\"><span dir=\"auto\">1\u00a0509 \u20ac\/an<\/span><\/dd>\n<dt class=\"NcUki cOUSK nuAmT\" data-testid=\"envkv.fuel.price-item\"><span dir=\"auto\">prix du carburant<\/span><\/dt>\n<dd class=\"nuAmT\"><span dir=\"auto\">1,80 \u20ac\/l (moyenne annuelle 2024)<\/span><\/dd>\n<dt class=\"NcUki cOUSK nuAmT\" data-testid=\"envkv.co2Costs-item\"><span dir=\"auto\">Co\u00fbts potentiels li\u00e9s aux \u00e9missions de CO\u2082 au cours des 10 prochaines ann\u00e9es (15\u00a0000 km\/an)\u00a0<\/span><sup><span dir=\"auto\">\u00b2<\/span><\/sup><button class=\"MefuX gsbIM\" type=\"button\" aria-label=\"info\"><\/button><\/dt>\n<dd class=\"nuAmT\">\n<div class=\"Js08r\"><span dir=\"auto\">2\u00a0400 \u20ac (en supposant un prix moyen du CO\u2082 de 127 \u20ac\/t)<\/span><\/div>\n<div class=\"Js08r\"><span dir=\"auto\">1\u00a0134 \u20ac (en supposant un prix moyen du CO\u2082 faible de 60 \u20ac\/t)<\/span><\/div>\n<div class=\"Js08r\"><span dir=\"auto\">3\u00a0780 \u20ac (en supposant un prix moyen \u00e9lev\u00e9 du CO\u2082 de 200 \u20ac\/t)<\/span><\/div>\n<\/dd>\n<dt class=\"NcUki cOUSK nuAmT\" data-testid=\"envkv.tax-item\"><span dir=\"auto\">taxe sur les v\u00e9hicules \u00e0 moteur<\/span><\/dt>\n<dd class=\"nuAmT\"><span dir=\"auto\">88 \u20ac\/an<\/span><\/dd>\n<dt class=\"NcUki cOUSK nuAmT\" data-testid=\"numSeats-item\"><span dir=\"auto\">Nombre de places<\/span><\/dt>\n<dd class=\"nuAmT\"><span dir=\"auto\">5<\/span><\/dd>\n<dt class=\"NcUki cOUSK nuAmT\" data-testid=\"doorCount-item\"><span dir=\"auto\">Nombre de portes<\/span><\/dt>\n<dd class=\"nuAmT\"><span dir=\"auto\">4\/5<\/span><\/dd>\n<dt class=\"NcUki cOUSK nuAmT\" data-testid=\"transmission-item\"><span dir=\"auto\">transmission<\/span><\/dt>\n<dd class=\"nuAmT\"><span dir=\"auto\">Automatique<\/span><\/dd>\n<dt class=\"NcUki cOUSK nuAmT\" data-testid=\"emissionClass-item\"><span dir=\"auto\">Classe d&#8217;\u00e9mission<\/span><\/p>\n<div class=\"VdRnH\" data-testid=\"emissionClass\"><\/div>\n<\/dt>\n<dd class=\"nuAmT\"><span dir=\"auto\">Euro6d<\/span><\/dd>\n<dt class=\"NcUki cOUSK nuAmT\" data-testid=\"emissionsSticker-item\"><span dir=\"auto\">badge environnemental<\/span><\/p>\n<div class=\"VdRnH\" data-testid=\"emissionsSticker\"><\/div>\n<\/dt>\n<dd class=\"nuAmT\"><span dir=\"auto\">4 (Vert)<\/span><\/dd>\n<dt class=\"NcUki cOUSK nuAmT\" data-testid=\"climatisation-item\"><span dir=\"auto\">climatisation<\/span><\/dt>\n<dd class=\"nuAmT\"><span dir=\"auto\">Climatisation automatique \u00e0 deux zones<\/span><\/dd>\n<dt class=\"NcUki cOUSK nuAmT\" data-testid=\"parkAssists-item\"><span dir=\"auto\">Aide au stationnement<\/span><\/dt>\n<dd class=\"nuAmT\"><span dir=\"auto\">Cam\u00e9ra arri\u00e8re<\/span><\/dd>\n<dt class=\"NcUki cOUSK nuAmT\" data-testid=\"airbag-item\"><span dir=\"auto\">airbags<\/span><\/dt>\n<dd class=\"nuAmT\"><span dir=\"auto\">Airbags frontaux, lat\u00e9raux et autres<\/span><\/dd>\n<dt class=\"NcUki cOUSK nuAmT\" data-testid=\"manufacturerColorName-item\"><span dir=\"auto\">Couleur (fabricant)<\/span><\/dt>\n<dd class=\"nuAmT\"><span dir=\"auto\">Obsession bleu m\u00e9tallis\u00e9<\/span><\/dd>\n<dt class=\"NcUki cOUSK nuAmT\" data-testid=\"color-item\"><span dir=\"auto\">Couleur<\/span><\/dt>\n<dd class=\"nuAmT\"><span dir=\"auto\">Bleu m\u00e9tallis\u00e9<\/span><\/dd>\n<dt class=\"NcUki cOUSK nuAmT\" data-testid=\"interior-item\"><span dir=\"auto\">Int\u00e9rieur<\/span><\/dt>\n<dd class=\"nuAmT\"><span dir=\"auto\">Cuir partiel, noir<\/span><\/dd>\n<dt class=\"NcUki cOUSK nuAmT\" data-testid=\"trailerLoadBraked-item\"><span dir=\"auto\">Chargement de remorque frein\u00e9e<\/span><\/dt>\n<dd class=\"nuAmT\"><span dir=\"auto\">1 200 kg<\/span><\/dd>\n<dt class=\"NcUki cOUSK nuAmT\" data-testid=\"trailerLoadUnbraked-item\"><span dir=\"auto\">Capacit\u00e9 de remorquage sans freins<\/span><\/dt>\n<dd class=\"nuAmT\"><span dir=\"auto\">750 kg<\/span><\/dd>\n<dt class=\"NcUki cOUSK nuAmT\" data-testid=\"cylinder-item\"><span dir=\"auto\">cylindre<\/span><\/dt>\n<dd class=\"nuAmT\"><span dir=\"auto\">3<\/span><\/dd>\n<dt class=\"NcUki cOUSK nuAmT\" data-testid=\"fuelTankVolume-item\"><span dir=\"auto\">Taille du r\u00e9servoir<\/span><\/dt>\n<dd class=\"nuAmT\"><span dir=\"auto\">55 l<\/span><\/dd>\n<\/dl>\n<\/div>\n<\/dd>\n<\/dl>\n<\/div>\n<\/div>\n","protected":false},"excerpt":{"rendered":"<h2 class=\"dNpqi\"><span dir=\"auto\">Peugeot 3008<\/span><\/h2>\n<div class=\"GOIOV fqe3L EevEz\"><span dir=\"auto\">Allure Hybrid145 SHZ\/LED\/RFK180\u00b0\/DA<\/span><\/div>\n<div><\/div>\n<div>\n<div class=\"DA8Gd\" data-testid=\"vip-key-features-list-item-mileage\">\n<div class=\"cANbJ\">\n<div class=\"YpZS8\"><span dir=\"auto\">Kilom\u00e9trage<\/span><\/div>\n<div class=\"geJSa\"><span dir=\"auto\">0 km<\/span><\/div>\n<\/div>\n<\/div>\n<div class=\"DA8Gd\" data-testid=\"vip-key-features-list-item-power\">\n<div class=\"cANbJ\">\n<div class=\"YpZS8\"><span dir=\"auto\">Performance<\/span><\/div>\n<div class=\"geJSa\"><span dir=\"auto\">107 kW (145 ch)<\/span><\/div>\n<\/div>\n<\/div>\n<div class=\"DA8Gd\" data-testid=\"vip-key-features-list-item-fuel\">\n<div class=\"cANbJ\">\n<div class=\"YpZS8\"><span dir=\"auto\">Type de carburant<\/span><\/div>\n<div class=\"geJSa\"><span dir=\"auto\">essence<\/span><\/div>\n<\/div>\n<\/div>\n<div class=\"DA8Gd\" data-testid=\"vip-key-features-list-item-transmission\">\n<div class=\"cANbJ\">\n<div class=\"YpZS8\"><span dir=\"auto\">transmission<\/span><\/div>\n<div class=\"geJSa\"><span dir=\"auto\">Automatique<\/span><\/div>\n<\/div>\n<\/div>\n<\/div>\n","protected":false},"featured_media":12986,"comment_status":"open","ping_status":"closed","template":"","meta":{"_acf_changed":false},"product_brand":[],"product_cat":[15],"product_tag":[],"class_list":{"0":"post-12985","1":"product","2":"type-product","3":"status-publish","4":"has-post-thumbnail","6":"product_cat-uncategorized","8":"first","9":"instock","10":"sale","11":"shipping-taxable","12":"purchasable","13":"product-type-simple"},"acf":[],"_links":{"self":[{"href":"https:\/\/carsforluxe.com\/index.php?rest_route=\/wp\/v2\/product\/12985","targetHints":{"allow":["GET"]}}],"collection":[{"href":"https:\/\/carsforluxe.com\/index.php?rest_route=\/wp\/v2\/product"}],"about":[{"href":"https:\/\/carsforluxe.com\/index.php?rest_route=\/wp\/v2\/types\/product"}],"replies":[{"embeddable":true,"href":"https:\/\/carsforluxe.com\/index.php?rest_route=%2Fwp%2Fv2%2Fcomments&post=12985"}],"wp:featuredmedia":[{"embeddable":true,"href":"https:\/\/carsforluxe.com\/index.php?rest_route=\/wp\/v2\/media\/12986"}],"wp:attachment":[{"href":"https:\/\/carsforluxe.com\/index.php?rest_route=%2Fwp%2Fv2%2Fmedia&parent=12985"}],"wp:term":[{"taxonomy":"product_brand","embeddable":true,"href":"https:\/\/carsforluxe.com\/index.php?rest_route=%2Fwp%2Fv2%2Fproduct_brand&post=12985"},{"taxonomy":"product_cat","embeddable":true,"href":"https:\/\/carsforluxe.com\/index.php?rest_route=%2Fwp%2Fv2%2Fproduct_cat&post=12985"},{"taxonomy":"product_tag","embeddable":true,"href":"https:\/\/carsforluxe.com\/index.php?rest_route=%2Fwp%2Fv2%2Fproduct_tag&post=12985"}],"curies":[{"name":"wp","href":"https:\/\/api.w.org\/{rel}","templated":true}]}}