{"id":13346,"date":"2025-11-13T20:28:32","date_gmt":"2025-11-13T20:28:32","guid":{"rendered":"https:\/\/carsforluxe.com\/?page_id=13346"},"modified":"2025-11-13T20:28:34","modified_gmt":"2025-11-13T20:28:34","slug":"politique-de-service-client","status":"publish","type":"page","link":"https:\/\/carsforluxe.com\/?page_id=13346","title":{"rendered":"Politique de service client"},"content":{"rendered":"\n<h3 class=\"wp-block-heading\">\ud83d\udd39 Objectif<\/h3>\n\n\n\n<p>Garantir un service d\u2019assistance rapide et professionnel.<\/p>\n\n\n\n<h3 class=\"wp-block-heading\">\ud83d\udd39 Texte propos\u00e9<\/h3>\n\n\n\n<p>Notre \u00e9quipe Carsforluxe est disponible pour r\u00e9pondre \u00e0 toutes vos questions avant, pendant et apr\u00e8s l\u2019achat.<br>Vous pouvez nous contacter par t\u00e9l\u00e9phone, e-mail ou via notre formulaire en ligne.<br>Nous nous engageons \u00e0 traiter toute demande dans un d\u00e9lai maximum de <strong>48 heures ouvrables<\/strong>.<\/p>\n","protected":false},"excerpt":{"rendered":"<p>\ud83d\udd39 Objectif Garantir un service d\u2019assistance rapide et professionnel. \ud83d\udd39 Texte propos\u00e9 Notre \u00e9quipe Carsforluxe est disponible pour r\u00e9pondre \u00e0 toutes vos questions avant, pendant et apr\u00e8s l\u2019achat.Vous pouvez nous contacter par t\u00e9l\u00e9phone, e-mail ou via notre formulaire en ligne.Nous nous engageons \u00e0 traiter toute demande dans un d\u00e9lai maximum de 48 heures ouvrables.<\/p>\n","protected":false},"author":1,"featured_media":0,"parent":0,"menu_order":0,"comment_status":"closed","ping_status":"closed","template":"","meta":{"_acf_changed":false,"footnotes":""},"class_list":["post-13346","page","type-page","status-publish","hentry"],"_hostinger_reach_plugin_has_subscription_block":false,"_hostinger_reach_plugin_is_elementor":false,"acf":[],"_links":{"self":[{"href":"https:\/\/carsforluxe.com\/index.php?rest_route=\/wp\/v2\/pages\/13346","targetHints":{"allow":["GET"]}}],"collection":[{"href":"https:\/\/carsforluxe.com\/index.php?rest_route=\/wp\/v2\/pages"}],"about":[{"href":"https:\/\/carsforluxe.com\/index.php?rest_route=\/wp\/v2\/types\/page"}],"author":[{"embeddable":true,"href":"https:\/\/carsforluxe.com\/index.php?rest_route=\/wp\/v2\/users\/1"}],"replies":[{"embeddable":true,"href":"https:\/\/carsforluxe.com\/index.php?rest_route=%2Fwp%2Fv2%2Fcomments&post=13346"}],"version-history":[{"count":1,"href":"https:\/\/carsforluxe.com\/index.php?rest_route=\/wp\/v2\/pages\/13346\/revisions"}],"predecessor-version":[{"id":13347,"href":"https:\/\/carsforluxe.com\/index.php?rest_route=\/wp\/v2\/pages\/13346\/revisions\/13347"}],"wp:attachment":[{"href":"https:\/\/carsforluxe.com\/index.php?rest_route=%2Fwp%2Fv2%2Fmedia&parent=13346"}],"curies":[{"name":"wp","href":"https:\/\/api.w.org\/{rel}","templated":true}]}}