{"id":13344,"date":"2025-11-13T20:27:16","date_gmt":"2025-11-13T20:27:16","guid":{"rendered":"https:\/\/carsforluxe.com\/?page_id=13344"},"modified":"2025-11-13T20:27:18","modified_gmt":"2025-11-13T20:27:18","slug":"politique-pour-les-clients-internationaux","status":"publish","type":"page","link":"https:\/\/carsforluxe.com\/?page_id=13344","title":{"rendered":"Politique pour les clients internationaux"},"content":{"rendered":"\n<h3 class=\"wp-block-heading\">\ud83d\udd39 Objectif<\/h3>\n\n\n\n<p>D\u00e9finir les conditions applicables aux acheteurs \u00e9trangers.<\/p>\n\n\n\n<h3 class=\"wp-block-heading\">\ud83d\udd39 Texte propos\u00e9<\/h3>\n\n\n\n<p>Carsforluxe accueille des clients du monde entier.<br>Pour les achats internationaux, les proc\u00e9dures de paiement, de transport et de douane sont \u00e9tablies sur devis.<br>Les clients internationaux doivent s\u2019assurer que les v\u00e9hicules import\u00e9s respectent les r\u00e9glementations de leur pays.<br>Nous offrons un accompagnement personnalis\u00e9 pour faciliter l\u2019exp\u00e9dition et les formalit\u00e9s d\u2019importation.<\/p>\n","protected":false},"excerpt":{"rendered":"<p>\ud83d\udd39 Objectif D\u00e9finir les conditions applicables aux acheteurs \u00e9trangers. \ud83d\udd39 Texte propos\u00e9 Carsforluxe accueille des clients du monde entier.Pour les achats internationaux, les proc\u00e9dures de paiement, de transport et de douane sont \u00e9tablies sur devis.Les clients internationaux doivent s\u2019assurer que les v\u00e9hicules import\u00e9s respectent les r\u00e9glementations de leur pays.Nous offrons un accompagnement personnalis\u00e9 pour faciliter [&hellip;]<\/p>\n","protected":false},"author":1,"featured_media":0,"parent":0,"menu_order":0,"comment_status":"closed","ping_status":"closed","template":"","meta":{"_acf_changed":false,"footnotes":""},"class_list":["post-13344","page","type-page","status-publish","hentry"],"_hostinger_reach_plugin_has_subscription_block":false,"_hostinger_reach_plugin_is_elementor":false,"acf":[],"_links":{"self":[{"href":"https:\/\/carsforluxe.com\/index.php?rest_route=\/wp\/v2\/pages\/13344","targetHints":{"allow":["GET"]}}],"collection":[{"href":"https:\/\/carsforluxe.com\/index.php?rest_route=\/wp\/v2\/pages"}],"about":[{"href":"https:\/\/carsforluxe.com\/index.php?rest_route=\/wp\/v2\/types\/page"}],"author":[{"embeddable":true,"href":"https:\/\/carsforluxe.com\/index.php?rest_route=\/wp\/v2\/users\/1"}],"replies":[{"embeddable":true,"href":"https:\/\/carsforluxe.com\/index.php?rest_route=%2Fwp%2Fv2%2Fcomments&post=13344"}],"version-history":[{"count":1,"href":"https:\/\/carsforluxe.com\/index.php?rest_route=\/wp\/v2\/pages\/13344\/revisions"}],"predecessor-version":[{"id":13345,"href":"https:\/\/carsforluxe.com\/index.php?rest_route=\/wp\/v2\/pages\/13344\/revisions\/13345"}],"wp:attachment":[{"href":"https:\/\/carsforluxe.com\/index.php?rest_route=%2Fwp%2Fv2%2Fmedia&parent=13344"}],"curies":[{"name":"wp","href":"https:\/\/api.w.org\/{rel}","templated":true}]}}