{"id":13342,"date":"2025-11-13T20:26:33","date_gmt":"2025-11-13T20:26:33","guid":{"rendered":"https:\/\/carsforluxe.com\/?page_id=13342"},"modified":"2025-11-13T20:26:36","modified_gmt":"2025-11-13T20:26:36","slug":"politique-dutilisation-du-site-web","status":"publish","type":"page","link":"https:\/\/carsforluxe.com\/?page_id=13342","title":{"rendered":"Politique d\u2019utilisation du site web"},"content":{"rendered":"\n<h3 class=\"wp-block-heading\">\ud83d\udd39 Objectif<\/h3>\n\n\n\n<p>Encadrer l\u2019utilisation de votre site internet.<\/p>\n\n\n\n<h3 class=\"wp-block-heading\">\ud83d\udd39 Texte propos\u00e9<\/h3>\n\n\n\n<p>L\u2019acc\u00e8s au site <strong>Carsforluxe.com<\/strong> implique l\u2019acceptation de nos conditions d\u2019utilisation.<br>Les informations publi\u00e9es sont donn\u00e9es \u00e0 titre indicatif et peuvent \u00eatre modifi\u00e9es \u00e0 tout moment.<br>L\u2019utilisateur s\u2019engage \u00e0 ne pas utiliser le site \u00e0 des fins frauduleuses, ill\u00e9gales ou nuisibles \u00e0 Carsforluxe ou \u00e0 ses clients.<\/p>\n","protected":false},"excerpt":{"rendered":"<p>\ud83d\udd39 Objectif Encadrer l\u2019utilisation de votre site internet. \ud83d\udd39 Texte propos\u00e9 L\u2019acc\u00e8s au site Carsforluxe.com implique l\u2019acceptation de nos conditions d\u2019utilisation.Les informations publi\u00e9es sont donn\u00e9es \u00e0 titre indicatif et peuvent \u00eatre modifi\u00e9es \u00e0 tout moment.L\u2019utilisateur s\u2019engage \u00e0 ne pas utiliser le site \u00e0 des fins frauduleuses, ill\u00e9gales ou nuisibles \u00e0 Carsforluxe ou \u00e0 ses clients.<\/p>\n","protected":false},"author":1,"featured_media":0,"parent":0,"menu_order":0,"comment_status":"closed","ping_status":"closed","template":"","meta":{"_acf_changed":false,"footnotes":""},"class_list":["post-13342","page","type-page","status-publish","hentry"],"_hostinger_reach_plugin_has_subscription_block":false,"_hostinger_reach_plugin_is_elementor":false,"acf":[],"_links":{"self":[{"href":"https:\/\/carsforluxe.com\/index.php?rest_route=\/wp\/v2\/pages\/13342","targetHints":{"allow":["GET"]}}],"collection":[{"href":"https:\/\/carsforluxe.com\/index.php?rest_route=\/wp\/v2\/pages"}],"about":[{"href":"https:\/\/carsforluxe.com\/index.php?rest_route=\/wp\/v2\/types\/page"}],"author":[{"embeddable":true,"href":"https:\/\/carsforluxe.com\/index.php?rest_route=\/wp\/v2\/users\/1"}],"replies":[{"embeddable":true,"href":"https:\/\/carsforluxe.com\/index.php?rest_route=%2Fwp%2Fv2%2Fcomments&post=13342"}],"version-history":[{"count":1,"href":"https:\/\/carsforluxe.com\/index.php?rest_route=\/wp\/v2\/pages\/13342\/revisions"}],"predecessor-version":[{"id":13343,"href":"https:\/\/carsforluxe.com\/index.php?rest_route=\/wp\/v2\/pages\/13342\/revisions\/13343"}],"wp:attachment":[{"href":"https:\/\/carsforluxe.com\/index.php?rest_route=%2Fwp%2Fv2%2Fmedia&parent=13342"}],"curies":[{"name":"wp","href":"https:\/\/api.w.org\/{rel}","templated":true}]}}