{"id":13336,"date":"2025-11-13T20:18:45","date_gmt":"2025-11-13T20:18:45","guid":{"rendered":"https:\/\/carsforluxe.com\/?page_id=13336"},"modified":"2025-11-13T20:19:32","modified_gmt":"2025-11-13T20:19:32","slug":"politique-de-retour-et-de-remboursement","status":"publish","type":"page","link":"https:\/\/carsforluxe.com\/?page_id=13336","title":{"rendered":"Politique de retour et de remboursement"},"content":{"rendered":"\n<h3 class=\"wp-block-heading\">\ud83d\udd39 Objectif<\/h3>\n\n\n\n<p>D\u00e9terminer les conditions de retour ou d\u2019annulation de commande.<\/p>\n\n\n\n<h3 class=\"wp-block-heading\">\ud83d\udd39 Texte propos\u00e9<\/h3>\n\n\n\n<p>Les retours ne sont accept\u00e9s que si le v\u00e9hicule pr\u00e9sente un d\u00e9faut majeur non signal\u00e9 avant la vente.<br>Toute demande de retour ou de remboursement doit \u00eatre effectu\u00e9e dans un d\u00e9lai de <strong>7 jours apr\u00e8s la livraison<\/strong>.<br>Apr\u00e8s inspection et validation, Carsforluxe pourra proposer un <strong>\u00e9change, une r\u00e9paration ou un remboursement partiel<\/strong> selon la situation.<\/p>\n\n\n\n<p><\/p>\n","protected":false},"excerpt":{"rendered":"<p>\ud83d\udd39 Objectif D\u00e9terminer les conditions de retour ou d\u2019annulation de commande. \ud83d\udd39 Texte propos\u00e9 Les retours ne sont accept\u00e9s que si le v\u00e9hicule pr\u00e9sente un d\u00e9faut majeur non signal\u00e9 avant la vente.Toute demande de retour ou de remboursement doit \u00eatre effectu\u00e9e dans un d\u00e9lai de 7 jours apr\u00e8s la livraison.Apr\u00e8s inspection et validation, Carsforluxe pourra [&hellip;]<\/p>\n","protected":false},"author":1,"featured_media":0,"parent":0,"menu_order":0,"comment_status":"closed","ping_status":"closed","template":"","meta":{"_acf_changed":false,"footnotes":""},"class_list":["post-13336","page","type-page","status-publish","hentry"],"_hostinger_reach_plugin_has_subscription_block":false,"_hostinger_reach_plugin_is_elementor":false,"acf":[],"_links":{"self":[{"href":"https:\/\/carsforluxe.com\/index.php?rest_route=\/wp\/v2\/pages\/13336","targetHints":{"allow":["GET"]}}],"collection":[{"href":"https:\/\/carsforluxe.com\/index.php?rest_route=\/wp\/v2\/pages"}],"about":[{"href":"https:\/\/carsforluxe.com\/index.php?rest_route=\/wp\/v2\/types\/page"}],"author":[{"embeddable":true,"href":"https:\/\/carsforluxe.com\/index.php?rest_route=\/wp\/v2\/users\/1"}],"replies":[{"embeddable":true,"href":"https:\/\/carsforluxe.com\/index.php?rest_route=%2Fwp%2Fv2%2Fcomments&post=13336"}],"version-history":[{"count":2,"href":"https:\/\/carsforluxe.com\/index.php?rest_route=\/wp\/v2\/pages\/13336\/revisions"}],"predecessor-version":[{"id":13338,"href":"https:\/\/carsforluxe.com\/index.php?rest_route=\/wp\/v2\/pages\/13336\/revisions\/13338"}],"wp:attachment":[{"href":"https:\/\/carsforluxe.com\/index.php?rest_route=%2Fwp%2Fv2%2Fmedia&parent=13336"}],"curies":[{"name":"wp","href":"https:\/\/api.w.org\/{rel}","templated":true}]}}