{"id":13334,"date":"2025-11-13T20:17:39","date_gmt":"2025-11-13T20:17:39","guid":{"rendered":"https:\/\/carsforluxe.com\/?page_id=13334"},"modified":"2025-11-13T20:22:03","modified_gmt":"2025-11-13T20:22:03","slug":"politique-de-livraison","status":"publish","type":"page","link":"https:\/\/carsforluxe.com\/?page_id=13334","title":{"rendered":"Politique de livraison"},"content":{"rendered":"\n<h3 class=\"wp-block-heading\">\ud83d\udd39 Objectif<\/h3>\n\n\n\n<p>Informer sur les d\u00e9lais, modes et conditions de livraison.<\/p>\n\n\n\n<h3 class=\"wp-block-heading\">\ud83d\udd39 Texte propos\u00e9<\/h3>\n\n\n\n<p>Carsforluxe s\u2019engage \u00e0 livrer les v\u00e9hicules dans les meilleurs d\u00e9lais possibles, conform\u00e9ment \u00e0 la date convenue lors de la commande.<br>Les d\u00e9lais de livraison peuvent varier selon la disponibilit\u00e9 du mod\u00e8le et les formalit\u00e9s administratives.<br>Nous assurons la livraison s\u00e9curis\u00e9e du v\u00e9hicule, accompagn\u00e9e de tous les documents n\u00e9cessaires (facture, certificat d\u2019immatriculation, carnet d\u2019entretien, etc.).<\/p>\n","protected":false},"excerpt":{"rendered":"<p>\ud83d\udd39 Objectif Informer sur les d\u00e9lais, modes et conditions de livraison. \ud83d\udd39 Texte propos\u00e9 Carsforluxe s\u2019engage \u00e0 livrer les v\u00e9hicules dans les meilleurs d\u00e9lais possibles, conform\u00e9ment \u00e0 la date convenue lors de la commande.Les d\u00e9lais de livraison peuvent varier selon la disponibilit\u00e9 du mod\u00e8le et les formalit\u00e9s administratives.Nous assurons la livraison s\u00e9curis\u00e9e du v\u00e9hicule, accompagn\u00e9e [&hellip;]<\/p>\n","protected":false},"author":1,"featured_media":13263,"parent":0,"menu_order":0,"comment_status":"closed","ping_status":"closed","template":"","meta":{"_acf_changed":false,"footnotes":""},"class_list":["post-13334","page","type-page","status-publish","has-post-thumbnail","hentry"],"_hostinger_reach_plugin_has_subscription_block":false,"_hostinger_reach_plugin_is_elementor":false,"acf":[],"_links":{"self":[{"href":"https:\/\/carsforluxe.com\/index.php?rest_route=\/wp\/v2\/pages\/13334","targetHints":{"allow":["GET"]}}],"collection":[{"href":"https:\/\/carsforluxe.com\/index.php?rest_route=\/wp\/v2\/pages"}],"about":[{"href":"https:\/\/carsforluxe.com\/index.php?rest_route=\/wp\/v2\/types\/page"}],"author":[{"embeddable":true,"href":"https:\/\/carsforluxe.com\/index.php?rest_route=\/wp\/v2\/users\/1"}],"replies":[{"embeddable":true,"href":"https:\/\/carsforluxe.com\/index.php?rest_route=%2Fwp%2Fv2%2Fcomments&post=13334"}],"version-history":[{"count":1,"href":"https:\/\/carsforluxe.com\/index.php?rest_route=\/wp\/v2\/pages\/13334\/revisions"}],"predecessor-version":[{"id":13335,"href":"https:\/\/carsforluxe.com\/index.php?rest_route=\/wp\/v2\/pages\/13334\/revisions\/13335"}],"wp:featuredmedia":[{"embeddable":true,"href":"https:\/\/carsforluxe.com\/index.php?rest_route=\/wp\/v2\/media\/13263"}],"wp:attachment":[{"href":"https:\/\/carsforluxe.com\/index.php?rest_route=%2Fwp%2Fv2%2Fmedia&parent=13334"}],"curies":[{"name":"wp","href":"https:\/\/api.w.org\/{rel}","templated":true}]}}