{"id":13332,"date":"2025-11-13T20:15:58","date_gmt":"2025-11-13T20:15:58","guid":{"rendered":"https:\/\/carsforluxe.com\/?page_id=13332"},"modified":"2025-11-13T20:16:02","modified_gmt":"2025-11-13T20:16:02","slug":"politique-de-paiement","status":"publish","type":"page","link":"https:\/\/carsforluxe.com\/?page_id=13332","title":{"rendered":"Politique de paiement"},"content":{"rendered":"\n<h3 class=\"wp-block-heading\">\ud83d\udd39 Objectif<\/h3>\n\n\n\n<p>D\u00e9finir les conditions de paiement lors de la commande et \u00e0 la livraison.<\/p>\n\n\n\n<h3 class=\"wp-block-heading\">\ud83d\udd39 Texte propos\u00e9<\/h3>\n\n\n\n<p>Pour toute commande de v\u00e9hicule, un <strong>acompte de 25 % du prix total<\/strong> est requis afin de confirmer la commande.<br>Le <strong>solde de 75 %<\/strong> sera r\u00e9gl\u00e9 <strong>au moment de la livraison<\/strong> du v\u00e9hicule.<br>Les paiements peuvent \u00eatre effectu\u00e9s par virement bancaire, carte bancaire ou tout autre moyen convenu avec Carsforluxe.<br>Aucune commande ne sera valid\u00e9e sans r\u00e9ception de l\u2019acompte.<\/p>\n","protected":false},"excerpt":{"rendered":"<p>\ud83d\udd39 Objectif D\u00e9finir les conditions de paiement lors de la commande et \u00e0 la livraison. \ud83d\udd39 Texte propos\u00e9 Pour toute commande de v\u00e9hicule, un acompte de 25 % du prix total est requis afin de confirmer la commande.Le solde de 75 % sera r\u00e9gl\u00e9 au moment de la livraison du v\u00e9hicule.Les paiements peuvent \u00eatre effectu\u00e9s [&hellip;]<\/p>\n","protected":false},"author":1,"featured_media":0,"parent":0,"menu_order":0,"comment_status":"closed","ping_status":"closed","template":"","meta":{"_acf_changed":false,"footnotes":""},"class_list":["post-13332","page","type-page","status-publish","hentry"],"_hostinger_reach_plugin_has_subscription_block":false,"_hostinger_reach_plugin_is_elementor":false,"acf":[],"_links":{"self":[{"href":"https:\/\/carsforluxe.com\/index.php?rest_route=\/wp\/v2\/pages\/13332","targetHints":{"allow":["GET"]}}],"collection":[{"href":"https:\/\/carsforluxe.com\/index.php?rest_route=\/wp\/v2\/pages"}],"about":[{"href":"https:\/\/carsforluxe.com\/index.php?rest_route=\/wp\/v2\/types\/page"}],"author":[{"embeddable":true,"href":"https:\/\/carsforluxe.com\/index.php?rest_route=\/wp\/v2\/users\/1"}],"replies":[{"embeddable":true,"href":"https:\/\/carsforluxe.com\/index.php?rest_route=%2Fwp%2Fv2%2Fcomments&post=13332"}],"version-history":[{"count":1,"href":"https:\/\/carsforluxe.com\/index.php?rest_route=\/wp\/v2\/pages\/13332\/revisions"}],"predecessor-version":[{"id":13333,"href":"https:\/\/carsforluxe.com\/index.php?rest_route=\/wp\/v2\/pages\/13332\/revisions\/13333"}],"wp:attachment":[{"href":"https:\/\/carsforluxe.com\/index.php?rest_route=%2Fwp%2Fv2%2Fmedia&parent=13332"}],"curies":[{"name":"wp","href":"https:\/\/api.w.org\/{rel}","templated":true}]}}