{"id":13330,"date":"2025-11-13T20:14:22","date_gmt":"2025-11-13T20:14:22","guid":{"rendered":"https:\/\/carsforluxe.com\/?page_id=13330"},"modified":"2025-11-13T20:14:25","modified_gmt":"2025-11-13T20:14:25","slug":"politique-de-confidentialite","status":"publish","type":"page","link":"https:\/\/carsforluxe.com\/?page_id=13330","title":{"rendered":"Politique de confidentialit\u00e9"},"content":{"rendered":"\n<h3 class=\"wp-block-heading\">\ud83d\udd39 Objectif<\/h3>\n\n\n\n<p>Prot\u00e9ger les donn\u00e9es personnelles de vos clients et visiteurs.<\/p>\n\n\n\n<h3 class=\"wp-block-heading\">\ud83d\udd39 Texte propos\u00e9<\/h3>\n\n\n\n<p>Chez <strong>Carsforluxe<\/strong>, la confidentialit\u00e9 de nos clients est une priorit\u00e9. Nous collectons uniquement les informations n\u00e9cessaires \u00e0 la gestion des commandes, \u00e0 la communication et \u00e0 l\u2019am\u00e9lioration de nos services.<br>Toutes les donn\u00e9es personnelles sont trait\u00e9es de mani\u00e8re s\u00e9curis\u00e9e et ne sont ni vendues ni partag\u00e9es \u00e0 des tiers sans consentement pr\u00e9alable, sauf obligation l\u00e9gale.<br>Les clients peuvent \u00e0 tout moment demander la modification ou la suppression de leurs informations.<\/p>\n","protected":false},"excerpt":{"rendered":"<p>\ud83d\udd39 Objectif Prot\u00e9ger les donn\u00e9es personnelles de vos clients et visiteurs. \ud83d\udd39 Texte propos\u00e9 Chez Carsforluxe, la confidentialit\u00e9 de nos clients est une priorit\u00e9. Nous collectons uniquement les informations n\u00e9cessaires \u00e0 la gestion des commandes, \u00e0 la communication et \u00e0 l\u2019am\u00e9lioration de nos services.Toutes les donn\u00e9es personnelles sont trait\u00e9es de mani\u00e8re s\u00e9curis\u00e9e et ne sont [&hellip;]<\/p>\n","protected":false},"author":1,"featured_media":0,"parent":0,"menu_order":0,"comment_status":"closed","ping_status":"closed","template":"","meta":{"_acf_changed":false,"footnotes":""},"class_list":["post-13330","page","type-page","status-publish","hentry"],"_hostinger_reach_plugin_has_subscription_block":false,"_hostinger_reach_plugin_is_elementor":false,"acf":[],"_links":{"self":[{"href":"https:\/\/carsforluxe.com\/index.php?rest_route=\/wp\/v2\/pages\/13330","targetHints":{"allow":["GET"]}}],"collection":[{"href":"https:\/\/carsforluxe.com\/index.php?rest_route=\/wp\/v2\/pages"}],"about":[{"href":"https:\/\/carsforluxe.com\/index.php?rest_route=\/wp\/v2\/types\/page"}],"author":[{"embeddable":true,"href":"https:\/\/carsforluxe.com\/index.php?rest_route=\/wp\/v2\/users\/1"}],"replies":[{"embeddable":true,"href":"https:\/\/carsforluxe.com\/index.php?rest_route=%2Fwp%2Fv2%2Fcomments&post=13330"}],"version-history":[{"count":1,"href":"https:\/\/carsforluxe.com\/index.php?rest_route=\/wp\/v2\/pages\/13330\/revisions"}],"predecessor-version":[{"id":13331,"href":"https:\/\/carsforluxe.com\/index.php?rest_route=\/wp\/v2\/pages\/13330\/revisions\/13331"}],"wp:attachment":[{"href":"https:\/\/carsforluxe.com\/index.php?rest_route=%2Fwp%2Fv2%2Fmedia&parent=13330"}],"curies":[{"name":"wp","href":"https:\/\/api.w.org\/{rel}","templated":true}]}}