{"id":10834,"date":"2021-06-30T10:55:09","date_gmt":"2021-06-30T10:55:09","guid":{"rendered":"https:\/\/localhost\/cardealer\/?page_id=10834"},"modified":"2025-11-15T13:22:59","modified_gmt":"2025-11-15T13:22:59","slug":"contact-01","status":"publish","type":"page","link":"https:\/\/carsforluxe.com\/?page_id=10834","title":{"rendered":"Contact"},"content":{"rendered":"\t\t<div data-elementor-type=\"wp-page\" data-elementor-id=\"10834\" class=\"elementor elementor-10834\" data-elementor-post-type=\"page\">\n\t\t\t\t\t\t<section class=\"elementor-section elementor-top-section elementor-element elementor-element-7336 elementor-section-stretched elementor-section-boxed elementor-section-height-default elementor-section-height-default\" data-id=\"7336\" data-element_type=\"section\" data-settings=\"{&quot;stretch_section&quot;:&quot;section-stretched&quot;}\">\n\t\t\t\t\t\t<div class=\"elementor-container elementor-column-gap-default\">\n\t\t\t\t\t<div class=\"elementor-column elementor-col-100 elementor-top-column elementor-element elementor-element-2cd1\" data-id=\"2cd1\" data-element_type=\"column\">\n\t\t\t<div class=\"elementor-widget-wrap elementor-element-populated\">\n\t\t\t\t\t\t<section class=\"elementor-section elementor-inner-section elementor-element elementor-element-52e3 elementor-section-boxed elementor-section-height-default elementor-section-height-default\" data-id=\"52e3\" data-element_type=\"section\">\n\t\t\t\t\t\t<div class=\"elementor-container elementor-column-gap-default\">\n\t\t\t\t\t<div class=\"elementor-column elementor-col-100 elementor-inner-column elementor-element elementor-element-3b12\" data-id=\"3b12\" data-element_type=\"column\">\n\t\t\t<div class=\"elementor-widget-wrap elementor-element-populated\">\n\t\t\t\t\t\t<div class=\"elementor-element elementor-element-7a9d elementor-widget elementor-widget-cdhl_section-title\" data-id=\"7a9d\" data-element_type=\"widget\" data-widget_type=\"cdhl_section-title.default\">\n\t\t\t\t<div class=\"elementor-widget-container\">\n\t\t\t\t\t<div class=\"cdhl_section-title_wrapper\">\n\t<div class=\"section-title text-center style_1\" id=\"7a9d\">\n\t\t\t<span class=\"sub-title\">Nous serions ravis d&#039;avoir de vos nouvelles.<\/span>\n\t\t<h2 class=\"main-title\">\n\t\t\tCONTACTEZ-NOUS !\t\t<\/h2>\n\t\t\t\t\t<div class=\"separator\"><\/div>\n\t\t\t\t<\/div>\n<\/div>\n\t\t\t\t<\/div>\n\t\t\t\t<\/div>\n\t\t\t\t\t<\/div>\n\t\t<\/div>\n\t\t\t\t\t<\/div>\n\t\t<\/section>\n\t\t\t\t<section class=\"elementor-section elementor-inner-section elementor-element elementor-element-2ff8 elementor-section-boxed elementor-section-height-default elementor-section-height-default\" data-id=\"2ff8\" data-element_type=\"section\">\n\t\t\t\t\t\t<div class=\"elementor-container elementor-column-gap-default\">\n\t\t\t\t\t<div class=\"elementor-column elementor-col-33 elementor-inner-column elementor-element elementor-element-2399\" data-id=\"2399\" data-element_type=\"column\">\n\t\t\t<div class=\"elementor-widget-wrap elementor-element-populated\">\n\t\t\t\t\t\t<div class=\"elementor-element elementor-element-24e0 elementor-widget elementor-widget-cdhl_feature-box\" data-id=\"24e0\" data-element_type=\"widget\" data-widget_type=\"cdhl_feature-box.default\">\n\t\t\t\t<div class=\"elementor-widget-container\">\n\t\t\t\t\t<div class=\"cdhl_feature-box_wrapper\">\n\t<div class=\"style-4 default-feature box-hover no-image feature-box\" id=\"cd_feature_box_24e0\" >\n\t\t\t\t<div class=\"icon\">\n\t\t\t<svg aria-hidden=\"true\" class=\"e-font-icon-svg e-fas-map-marker-alt\" viewBox=\"0 0 384 512\" xmlns=\"http:\/\/www.w3.org\/2000\/svg\"><path d=\"M172.268 501.67C26.97 291.031 0 269.413 0 192 0 85.961 85.961 0 192 0s192 85.961 192 192c0 77.413-26.97 99.031-172.268 309.67-9.535 13.774-29.93 13.773-39.464 0zM192 272c44.183 0 80-35.817 80-80s-35.817-80-80-80-80 35.817-80 80 35.817 80 80 80z\"><\/path><\/svg>\t\t<\/div>\n\t\t<div class=\"content\">\n\t\t\t<a >\n\t\t\t\t<h6>Addresse<\/h6>\t\t\t<\/a>\n\t\t\t<p>6\/8, Murnau Am Staffelsee, Gorlitz, Untermark, Germany, 02826<\/p>\t\t<\/div>\n\t<\/div>\n<\/div>\n\t\t\t\t<\/div>\n\t\t\t\t<\/div>\n\t\t\t\t\t<\/div>\n\t\t<\/div>\n\t\t\t\t<div class=\"elementor-column elementor-col-33 elementor-inner-column elementor-element elementor-element-3a3f\" data-id=\"3a3f\" data-element_type=\"column\">\n\t\t\t<div class=\"elementor-widget-wrap elementor-element-populated\">\n\t\t\t\t\t\t<div class=\"elementor-element elementor-element-765e elementor-widget elementor-widget-cdhl_feature-box\" data-id=\"765e\" data-element_type=\"widget\" data-widget_type=\"cdhl_feature-box.default\">\n\t\t\t\t<div class=\"elementor-widget-container\">\n\t\t\t\t\t<div class=\"cdhl_feature-box_wrapper\">\n\t<div class=\"style-4 default-feature box-hover no-image feature-box\" id=\"cd_feature_box_765e\" >\n\t\t\t\t<div class=\"icon\">\n\t\t\t<svg aria-hidden=\"true\" class=\"e-font-icon-svg e-fas-phone\" viewBox=\"0 0 512 512\" xmlns=\"http:\/\/www.w3.org\/2000\/svg\"><path d=\"M493.4 24.6l-104-24c-11.3-2.6-22.9 3.3-27.5 13.9l-48 112c-4.2 9.8-1.4 21.3 6.9 28l60.6 49.6c-36 76.7-98.9 140.5-177.2 177.2l-49.6-60.6c-6.8-8.3-18.2-11.1-28-6.9l-112 48C3.9 366.5-2 378.1.6 389.4l24 104C27.1 504.2 36.7 512 48 512c256.1 0 464-207.5 464-464 0-11.2-7.7-20.9-18.6-23.4z\"><\/path><\/svg>\t\t<\/div>\n\t\t<div class=\"content\">\n\t\t\t<a >\n\t\t\t\t<h6>T\u00e9l\u00e9phone<\/h6>\t\t\t<\/a>\n\t\t\t<p>+49 1521 3681046<\/p>\t\t<\/div>\n\t<\/div>\n<\/div>\n\t\t\t\t<\/div>\n\t\t\t\t<\/div>\n\t\t\t\t\t<\/div>\n\t\t<\/div>\n\t\t\t\t<div class=\"elementor-column elementor-col-33 elementor-inner-column elementor-element elementor-element-6055\" data-id=\"6055\" data-element_type=\"column\">\n\t\t\t<div class=\"elementor-widget-wrap elementor-element-populated\">\n\t\t\t\t\t\t<div class=\"elementor-element elementor-element-2f0c elementor-widget elementor-widget-cdhl_feature-box\" data-id=\"2f0c\" data-element_type=\"widget\" data-widget_type=\"cdhl_feature-box.default\">\n\t\t\t\t<div class=\"elementor-widget-container\">\n\t\t\t\t\t<div class=\"cdhl_feature-box_wrapper\">\n\t<div class=\"style-4 default-feature box-hover no-image feature-box\" id=\"cd_feature_box_2f0c\" >\n\t\t\t\t<div class=\"icon\">\n\t\t\t<svg aria-hidden=\"true\" class=\"e-font-icon-svg e-fas-envelope\" viewBox=\"0 0 512 512\" xmlns=\"http:\/\/www.w3.org\/2000\/svg\"><path d=\"M502.3 190.8c3.9-3.1 9.7-.2 9.7 4.7V400c0 26.5-21.5 48-48 48H48c-26.5 0-48-21.5-48-48V195.6c0-5 5.7-7.8 9.7-4.7 22.4 17.4 52.1 39.5 154.1 113.6 21.1 15.4 56.7 47.8 92.2 47.6 35.7.3 72-32.8 92.3-47.6 102-74.1 131.6-96.3 154-113.7zM256 320c23.2.4 56.6-29.2 73.4-41.4 132.7-96.3 142.8-104.7 173.4-128.7 5.8-4.5 9.2-11.5 9.2-18.9v-19c0-26.5-21.5-48-48-48H48C21.5 64 0 85.5 0 112v19c0 7.4 3.4 14.3 9.2 18.9 30.6 23.9 40.7 32.4 173.4 128.7 16.8 12.2 50.2 41.8 73.4 41.4z\"><\/path><\/svg>\t\t<\/div>\n\t\t<div class=\"content\">\n\t\t\t<a >\n\t\t\t\t<h6>Email<\/h6>\t\t\t<\/a>\n\t\t\t<p>info@carsforluxe.com<\/p>\t\t<\/div>\n\t<\/div>\n<\/div>\n\t\t\t\t<\/div>\n\t\t\t\t<\/div>\n\t\t\t\t\t<\/div>\n\t\t<\/div>\n\t\t\t\t\t<\/div>\n\t\t<\/section>\n\t\t\t\t\t<\/div>\n\t\t<\/div>\n\t\t\t\t\t<\/div>\n\t\t<\/section>\n\t\t\t\t<section class=\"elementor-section elementor-top-section elementor-element elementor-element-31b0bfd elementor-section-boxed elementor-section-height-default elementor-section-height-default\" data-id=\"31b0bfd\" data-element_type=\"section\">\n\t\t\t\t\t\t<div class=\"elementor-container elementor-column-gap-default\">\n\t\t\t\t\t<div class=\"elementor-column elementor-col-66 elementor-top-column elementor-element elementor-element-6d75701\" data-id=\"6d75701\" data-element_type=\"column\">\n\t\t\t<div class=\"elementor-widget-wrap elementor-element-populated\">\n\t\t\t\t\t\t<div class=\"elementor-element elementor-element-3237 elementor-widget elementor-widget-text-editor\" data-id=\"3237\" data-element_type=\"widget\" data-widget_type=\"text-editor.default\">\n\t\t\t\t\t\t\t\t\t<div class=\"wpcf7 no-js\" id=\"wpcf7-f11028-o1\" lang=\"en-US\" dir=\"ltr\" data-wpcf7-id=\"11028\">\n<div class=\"screen-reader-response\"><p role=\"status\" aria-live=\"polite\"><\/p> <ul><\/ul><\/div>\n\n<fieldset class=\"hidden-fields-container\">\n<\/fieldset>\n<div class=\"row\">\n\t<div class=\"col-lg-4 col-md-4\">\n\t\t<div class=\"form-group\">\n\t\t\t<p><span class=\"wpcf7-form-control-wrap\" data-name=\"your-name\"><\/span>\n\t\t\t<\/p>\n\t\t<\/div>\n\t<\/div>\n\t<div class=\"col-lg-4 col-md-4\">\n\t\t<div class=\"form-group\">\n\t\t\t<p><span class=\"wpcf7-form-control-wrap\" data-name=\"email\"><\/span>\n\t\t\t<\/p>\n\t\t<\/div>\n\t<\/div>\n\t<div class=\"col-lg-4 col-md-4\">\n\t\t<div class=\"form-group\">\n\t\t\t<p><span class=\"wpcf7-form-control-wrap\" data-name=\"phone\"><\/span>\n\t\t\t<\/p>\n\t\t<\/div>\n\t<\/div>\n\t<div class=\"col-lg-12 col-md-12\">\n\t\t<div class=\"form-group\">\n\t\t\t<p><span class=\"wpcf7-form-control-wrap\" data-name=\"comment\"><textarea cols=\"40\" rows=\"10\" class=\"wpcf7-form-control wpcf7-textarea wpcf7-validates-as-required form-control\" name=\"comment\"><\/textarea><\/span>\n\t\t\t<\/p>\n\t\t<\/div>\n\t<\/div>\n\t<div class=\"col-lg-12 col-md-12\">\n\t\t<p>\n\t\t<\/p>\n\t<\/div>\n<\/div><div class=\"wpcf7-response-output\" aria-hidden=\"true\"><\/div>\n\n<\/div>\t\t\t\t\t\t\t\t<\/div>\n\t\t\t\t\t<\/div>\n\t\t<\/div>\n\t\t\t\t<div class=\"elementor-column elementor-col-33 elementor-top-column elementor-element elementor-element-54f68c9\" data-id=\"54f68c9\" data-element_type=\"column\">\n\t\t\t<div class=\"elementor-widget-wrap elementor-element-populated\">\n\t\t\t\t\t\t<div class=\"elementor-element elementor-element-450d elementor-widget elementor-widget-cdhl_opening-hours\" data-id=\"450d\" data-element_type=\"widget\" data-widget_type=\"cdhl_opening-hours.default\">\n\t\t\t\t<div class=\"elementor-widget-container\">\n\t\t\t\t\t<div class=\"cdhl_opening-hours_wrapper\">\n\t<div class=\"opening-hours gray-bg\">\n\t\t\t\t\t<h6>Opening Hours<\/h6>\n\t\t\t\t\t<ul class=\"list-style-none\">\n\t\t\t<li>\n\t\t\t\t<strong>Lundi<\/strong>\n\t\t\t\t\t\t\t\t\t<span>9:00 AM to 9:00 PM<\/span>\n\t\t\t\t\t\t\t\t<\/li>\n\t\t\t<li>\n\t\t\t\t<strong>Mardi<\/strong>\n\t\t\t\t\t\t\t\t\t<span>9:00 AM to 9:00 PM<\/span>\n\t\t\t\t\t\t\t\t<\/li>\n\t\t\t<li>\n\t\t\t\t<strong>Mercredi<\/strong>\n\t\t\t\t\t\t\t\t\t<span>9:00 AM to 9:00 PM<\/span>\n\t\t\t\t\t\t\t\t<\/li>\n\t\t\t<li>\n\t\t\t\t<strong>Jeudi<\/strong>\n\t\t\t\t\t\t\t\t\t<span>9:00 AM to 9:00 PM<\/span>\n\t\t\t\t\t\t\t\t<\/li>\n\t\t\t<li>\n\t\t\t\t<strong>Vendredi<\/strong>\n\t\t\t\t\t\t\t\t\t<span>9:00 AM to 9:00 PM<\/span>\n\t\t\t\t\t\t\t\t<\/li>\n\t\t\t<li>\n\t\t\t\t<strong>Samedi<\/strong>\n\t\t\t\t\t\t\t\t\t<span>9:00 AM to 9:00 PM<\/span>\n\t\t\t\t\t\t\t\t<\/li>\n\t\t\t<li>\n\t\t\t\t<strong>Dimanche<\/strong>\n\t\t\t\t\t\t\t\t\t<span>Closed<\/span>\n\t\t\t\t\t\t\t\t<\/li>\n\t\t<\/ul>\n\t<\/div>\n<\/div>\n\t\t\t\t<\/div>\n\t\t\t\t<\/div>\n\t\t\t\t\t<\/div>\n\t\t<\/div>\n\t\t\t\t\t<\/div>\n\t\t<\/section>\n\t\t\t\t<section class=\"elementor-section elementor-top-section elementor-element elementor-element-721a elementor-section-stretched elementor-section-boxed elementor-section-height-default elementor-section-height-default\" data-id=\"721a\" data-element_type=\"section\" data-settings=\"{&quot;stretch_section&quot;:&quot;section-stretched&quot;}\">\n\t\t\t\t\t\t<div class=\"elementor-container elementor-column-gap-default\">\n\t\t\t\t\t<div class=\"elementor-column elementor-col-33 elementor-top-column elementor-element elementor-element-2509\" data-id=\"2509\" data-element_type=\"column\">\n\t\t\t<div class=\"elementor-widget-wrap elementor-element-populated\">\n\t\t\t\t\t\t<div class=\"elementor-element elementor-element-610 elementor-widget elementor-widget-cdhl_feature-box\" data-id=\"610\" data-element_type=\"widget\" data-widget_type=\"cdhl_feature-box.default\">\n\t\t\t\t<div class=\"elementor-widget-container\">\n\t\t\t\t\t<div class=\"cdhl_feature-box_wrapper\">\n\t<div class=\"style-7 round-border no-image feature-box\" id=\"cd_feature_box_610\" >\n\t\t\t\t<div class=\"icon\">\n\t\t\t<svg aria-hidden=\"true\" class=\"e-font-icon-svg e-fas-clock\" viewBox=\"0 0 512 512\" xmlns=\"http:\/\/www.w3.org\/2000\/svg\"><path d=\"M256,8C119,8,8,119,8,256S119,504,256,504,504,393,504,256,393,8,256,8Zm92.49,313h0l-20,25a16,16,0,0,1-22.49,2.5h0l-67-49.72a40,40,0,0,1-15-31.23V112a16,16,0,0,1,16-16h32a16,16,0,0,1,16,16V256l58,42.5A16,16,0,0,1,348.49,321Z\"><\/path><\/svg>\t\t<\/div>\n\t\t<div class=\"content\">\n\t\t\t<a >\n\t\t\t\t<h6>Horaires d&#039;ouverture<\/h6>\t\t\t<\/a>\n\t\t\t<p>\ud83d\udd52 Horaires d\u2019ouverture, \n\nLun \u2013 Sam : 8h00 \u2013 21h00, \n\nDimanche : Ferm\u00e9<\/p>\t\t<\/div>\n\t<\/div>\n<\/div>\n\t\t\t\t<\/div>\n\t\t\t\t<\/div>\n\t\t\t\t\t<\/div>\n\t\t<\/div>\n\t\t\t\t<div class=\"elementor-column elementor-col-33 elementor-top-column elementor-element elementor-element-312f\" data-id=\"312f\" data-element_type=\"column\">\n\t\t\t<div class=\"elementor-widget-wrap elementor-element-populated\">\n\t\t\t\t\t\t<div class=\"elementor-element elementor-element-330e elementor-widget elementor-widget-cdhl_feature-box\" data-id=\"330e\" data-element_type=\"widget\" data-widget_type=\"cdhl_feature-box.default\">\n\t\t\t\t<div class=\"elementor-widget-container\">\n\t\t\t\t\t<div class=\"cdhl_feature-box_wrapper\">\n\t<div class=\"style-7 round-border no-image feature-box\" id=\"cd_feature_box_330e\" >\n\t\t\t\t<div class=\"icon\">\n\t\t\t<svg aria-hidden=\"true\" class=\"e-font-icon-svg e-fas-life-ring\" viewBox=\"0 0 512 512\" xmlns=\"http:\/\/www.w3.org\/2000\/svg\"><path d=\"M256 8C119.033 8 8 119.033 8 256s111.033 248 248 248 248-111.033 248-248S392.967 8 256 8zm173.696 119.559l-63.399 63.399c-10.987-18.559-26.67-34.252-45.255-45.255l63.399-63.399a218.396 218.396 0 0 1 45.255 45.255zM256 352c-53.019 0-96-42.981-96-96s42.981-96 96-96 96 42.981 96 96-42.981 96-96 96zM127.559 82.304l63.399 63.399c-18.559 10.987-34.252 26.67-45.255 45.255l-63.399-63.399a218.372 218.372 0 0 1 45.255-45.255zM82.304 384.441l63.399-63.399c10.987 18.559 26.67 34.252 45.255 45.255l-63.399 63.399a218.396 218.396 0 0 1-45.255-45.255zm302.137 45.255l-63.399-63.399c18.559-10.987 34.252-26.67 45.255-45.255l63.399 63.399a218.403 218.403 0 0 1-45.255 45.255z\"><\/path><\/svg>\t\t<\/div>\n\t\t<div class=\"content\">\n\t\t\t<a >\n\t\t\t\t<h6>Notre centre d&#039;assistance<\/h6>\t\t\t<\/a>\n\t\t\t<p>Notre centre d\u2019assistance est \u00e0 votre service pour r\u00e9pondre \u00e0 toutes vos questions concernant l\u2019achat, la vente ou la livraison de votre v\u00e9hicule. Nous vous accompagnons \u00e0 chaque \u00e9tape pour une exp\u00e9rience simple et sereine.<\/p>\t\t<\/div>\n\t<\/div>\n<\/div>\n\t\t\t\t<\/div>\n\t\t\t\t<\/div>\n\t\t\t\t\t<\/div>\n\t\t<\/div>\n\t\t\t\t<div class=\"elementor-column elementor-col-33 elementor-top-column elementor-element elementor-element-8c5\" data-id=\"8c5\" data-element_type=\"column\">\n\t\t\t<div class=\"elementor-widget-wrap elementor-element-populated\">\n\t\t\t\t\t\t<div class=\"elementor-element elementor-element-733c elementor-widget elementor-widget-cdhl_feature-box\" data-id=\"733c\" data-element_type=\"widget\" data-widget_type=\"cdhl_feature-box.default\">\n\t\t\t\t<div class=\"elementor-widget-container\">\n\t\t\t\t\t<div class=\"cdhl_feature-box_wrapper\">\n\t<div class=\"style-7 round-border no-image feature-box\" id=\"cd_feature_box_733c\" >\n\t\t\t\t<div class=\"icon\">\n\t\t\t<svg aria-hidden=\"true\" class=\"e-font-icon-svg e-fas-clock\" viewBox=\"0 0 512 512\" xmlns=\"http:\/\/www.w3.org\/2000\/svg\"><path d=\"M256,8C119,8,8,119,8,256S119,504,256,504,504,393,504,256,393,8,256,8Zm92.49,313h0l-20,25a16,16,0,0,1-22.49,2.5h0l-67-49.72a40,40,0,0,1-15-31.23V112a16,16,0,0,1,16-16h32a16,16,0,0,1,16,16V256l58,42.5A16,16,0,0,1,348.49,321Z\"><\/path><\/svg>\t\t<\/div>\n\t\t<div class=\"content\">\n\t\t\t<a >\n\t\t\t\t<h6>Quelques informations<\/h6>\t\t\t<\/a>\n\t\t\t<p>\ud83d\udccd Adresse : [Votre adresse]\n\ud83d\udcde T\u00e9l\u00e9phone : [Votre num\u00e9ro]\n\u2709\ufe0f Email : [Votre email]\n\ud83d\udd52 Horaires :\n Lundi \u2013 Samedi: de 8h00 \u00e0 18h00 \n Dimanche : Ferm\u00e9\n<\/p>\t\t<\/div>\n\t<\/div>\n<\/div>\n\t\t\t\t<\/div>\n\t\t\t\t<\/div>\n\t\t\t\t\t<\/div>\n\t\t<\/div>\n\t\t\t\t\t<\/div>\n\t\t<\/section>\n\t\t\t\t<section class=\"elementor-section elementor-top-section elementor-element elementor-element-6c41 elementor-section-full_width elementor-section-stretched elementor-section-height-default elementor-section-height-default\" data-id=\"6c41\" data-element_type=\"section\" data-settings=\"{&quot;stretch_section&quot;:&quot;section-stretched&quot;}\">\n\t\t\t\t\t\t<div class=\"elementor-container elementor-column-gap-default\">\n\t\t\t\t\t<div class=\"elementor-column elementor-col-100 elementor-top-column elementor-element elementor-element-728\" data-id=\"728\" data-element_type=\"column\">\n\t\t\t<div class=\"elementor-widget-wrap elementor-element-populated\">\n\t\t\t\t\t\t<div class=\"elementor-element elementor-element-314b elementor-widget elementor-widget-google_maps\" data-id=\"314b\" data-element_type=\"widget\" data-widget_type=\"google_maps.default\">\n\t\t\t\t\t\t\t<div class=\"elementor-custom-embed\">\n\t\t\t<iframe loading=\"lazy\"\n\t\t\t\t\tsrc=\"https:\/\/maps.google.com\/maps?q=Gorlitz%2C%2002826&#038;t=m&#038;z=15&#038;output=embed&#038;iwloc=near\"\n\t\t\t\t\ttitle=\"Gorlitz, 02826\"\n\t\t\t\t\taria-label=\"Gorlitz, 02826\"\n\t\t\t><\/iframe>\n\t\t<\/div>\n\t\t\t\t\t\t<\/div>\n\t\t\t\t\t<\/div>\n\t\t<\/div>\n\t\t\t\t\t<\/div>\n\t\t<\/section>\n\t\t\t\t<\/div>\n\t\t","protected":false},"excerpt":{"rendered":"<p>Nous serions ravis d&#039;avoir de vos nouvelles. CONTACTEZ-NOUS ! Addresse 6\/8, Murnau Am Staffelsee, Gorlitz, Untermark, Germany, 02826 T\u00e9l\u00e9phone +49 1521 3681046 Email info@carsforluxe.com Opening Hours Lundi 9:00 AM to 9:00 PM Mardi 9:00 AM to 9:00 PM Mercredi 9:00 AM to 9:00 PM Jeudi 9:00 AM to 9:00 PM Vendredi 9:00 AM to 9:00 [&hellip;]<\/p>\n","protected":false},"author":1,"featured_media":0,"parent":0,"menu_order":0,"comment_status":"closed","ping_status":"closed","template":"templates\/cadealer-elementor-full-width.php","meta":{"_acf_changed":false,"footnotes":""},"class_list":["post-10834","page","type-page","status-publish","hentry"],"_hostinger_reach_plugin_has_subscription_block":false,"_hostinger_reach_plugin_is_elementor":false,"acf":[],"_links":{"self":[{"href":"https:\/\/carsforluxe.com\/index.php?rest_route=\/wp\/v2\/pages\/10834","targetHints":{"allow":["GET"]}}],"collection":[{"href":"https:\/\/carsforluxe.com\/index.php?rest_route=\/wp\/v2\/pages"}],"about":[{"href":"https:\/\/carsforluxe.com\/index.php?rest_route=\/wp\/v2\/types\/page"}],"author":[{"embeddable":true,"href":"https:\/\/carsforluxe.com\/index.php?rest_route=\/wp\/v2\/users\/1"}],"replies":[{"embeddable":true,"href":"https:\/\/carsforluxe.com\/index.php?rest_route=%2Fwp%2Fv2%2Fcomments&post=10834"}],"version-history":[{"count":14,"href":"https:\/\/carsforluxe.com\/index.php?rest_route=\/wp\/v2\/pages\/10834\/revisions"}],"predecessor-version":[{"id":13371,"href":"https:\/\/carsforluxe.com\/index.php?rest_route=\/wp\/v2\/pages\/10834\/revisions\/13371"}],"wp:attachment":[{"href":"https:\/\/carsforluxe.com\/index.php?rest_route=%2Fwp%2Fv2%2Fmedia&parent=10834"}],"curies":[{"name":"wp","href":"https:\/\/api.w.org\/{rel}","templated":true}]}}