{"id":10810,"date":"2021-06-30T10:34:54","date_gmt":"2021-06-30T10:34:54","guid":{"rendered":"https:\/\/localhost\/cardealer\/?page_id=10810"},"modified":"2025-11-09T13:11:47","modified_gmt":"2025-11-09T13:11:47","slug":"terms-and-conditions","status":"publish","type":"page","link":"https:\/\/carsforluxe.com\/?page_id=10810","title":{"rendered":"Termes et conditions"},"content":{"rendered":"\t\t<div data-elementor-type=\"wp-page\" data-elementor-id=\"10810\" class=\"elementor elementor-10810\" data-elementor-post-type=\"page\">\n\t\t\t\t\t\t<section class=\"elementor-section elementor-top-section elementor-element elementor-element-6b0c elementor-section-boxed elementor-section-height-default elementor-section-height-default\" data-id=\"6b0c\" data-element_type=\"section\">\n\t\t\t\t\t\t<div class=\"elementor-container elementor-column-gap-default\">\n\t\t\t\t\t<div class=\"elementor-column elementor-col-100 elementor-top-column elementor-element elementor-element-663f\" data-id=\"663f\" data-element_type=\"column\">\n\t\t\t<div class=\"elementor-widget-wrap elementor-element-populated\">\n\t\t\t\t\t\t<div class=\"elementor-element elementor-element-3fe5 elementor-widget elementor-widget-cdhl_section-title\" data-id=\"3fe5\" data-element_type=\"widget\" data-widget_type=\"cdhl_section-title.default\">\n\t\t\t\t<div class=\"elementor-widget-container\">\n\t\t\t\t\t<div class=\"cdhl_section-title_wrapper\">\n\t<div class=\"section-title text-center style_1\" id=\"3fe5\">\n\t\t\t<span class=\"sub-title\">Protection de vos informations personnelles<\/span>\n\t\t<h2 class=\"main-title\">\n\t\t\tTermes et conditions\t\t<\/h2>\n\t\t\t\t\t<div class=\"separator\"><\/div>\n\t\t\t\t<\/div>\n<\/div>\n\t\t\t\t<\/div>\n\t\t\t\t<\/div>\n\t\t\t\t<div class=\"elementor-element elementor-element-2aba elementor-widget elementor-widget-heading\" data-id=\"2aba\" data-element_type=\"widget\" data-widget_type=\"heading.default\">\n\t\t\t\t\t<h5 class=\"elementor-heading-title elementor-size-default\">1. Description du service\n<\/h5>\t\t\t\t<\/div>\n\t\t\t\t<div class=\"elementor-element elementor-element-d6b elementor-widget elementor-widget-text-editor\" data-id=\"d6b\" data-element_type=\"widget\" data-widget_type=\"text-editor.default\">\n\t\t\t\t\t\t\t\t\t<p>Chez <strong data-start=\"191\" data-end=\"206\">Carsforluxe<\/strong>, nous vous accompagnons \u00e0 chaque \u00e9tape de votre achat automobile. De la s\u00e9lection du v\u00e9hicule jusqu\u2019\u00e0 sa livraison, notre \u00e9quipe veille \u00e0 vous offrir une exp\u00e9rience fluide, rapide et sans souci.<br data-start=\"401\" data-end=\"404\" \/>Nous vous conseillons dans le choix du mod\u00e8le, g\u00e9rons les d\u00e9marches administratives et pr\u00e9parons votre voiture avec le plus grand soin. Votre v\u00e9hicule vous est livr\u00e9 pr\u00eat \u00e0 rouler, directement \u00e0 notre showroom ou \u00e0 l\u2019adresse de votre choix.<br data-start=\"644\" data-end=\"647\" \/><strong data-start=\"647\" data-end=\"721\">Avec Carsforluxe, acheter une voiture devient simple, s\u00fbr et agr\u00e9able.<\/strong><\/p>\t\t\t\t\t\t\t\t<\/div>\n\t\t\t\t<div class=\"elementor-element elementor-element-c8 elementor-widget elementor-widget-heading\" data-id=\"c8\" data-element_type=\"widget\" data-widget_type=\"heading.default\">\n\t\t\t\t\t<h5 class=\"elementor-heading-title elementor-size-default\">2. Obligations pour  la commande\n<\/h5>\t\t\t\t<\/div>\n\t\t\t\t<div class=\"elementor-element elementor-element-7561 elementor-widget elementor-widget-text-editor\" data-id=\"7561\" data-element_type=\"widget\" data-widget_type=\"text-editor.default\">\n\t\t\t\t\t\t\t\t\t<p data-start=\"227\" data-end=\"373\">Chez <strong data-start=\"232\" data-end=\"247\">Carsforluxe<\/strong>, nous mettons un point d\u2019honneur \u00e0 garantir un processus de commande simple, transparent et s\u00e9curis\u00e9 pour tous nos clients.<\/p><ul data-start=\"375\" data-end=\"1104\"><li data-start=\"375\" data-end=\"491\"><p data-start=\"377\" data-end=\"491\"><strong data-start=\"377\" data-end=\"388\">Acompte<\/strong> : Un acompte \u00e9quivalent \u00e0 <strong data-start=\"415\" data-end=\"439\">25 % du prix d\u2019achat<\/strong> est requis avant la validation de toute commande.<\/p><\/li><li data-start=\"492\" data-end=\"587\"><p data-start=\"494\" data-end=\"587\"><strong data-start=\"494\" data-end=\"515\">Paiement du solde<\/strong> : Les <strong data-start=\"522\" data-end=\"539\">75 % restants<\/strong> sont \u00e0 r\u00e9gler <strong data-start=\"554\" data-end=\"572\">\u00e0 la livraison<\/strong> du v\u00e9hicule.<\/p><\/li><li data-start=\"588\" data-end=\"710\"><p data-start=\"590\" data-end=\"710\"><strong data-start=\"590\" data-end=\"612\">Frais de livraison<\/strong> : Un montant forfaitaire de <strong data-start=\"641\" data-end=\"652\">1 500 \u20ac<\/strong> est appliqu\u00e9 pour la <strong data-start=\"674\" data-end=\"707\">livraison dans toute l\u2019Europe<\/strong>.<\/p><\/li><li data-start=\"711\" data-end=\"864\"><p data-start=\"713\" data-end=\"864\"><strong data-start=\"713\" data-end=\"737\">Frais administratifs<\/strong> : L\u2019ensemble des <strong data-start=\"755\" data-end=\"783\">d\u00e9penses administratives<\/strong> est <strong data-start=\"788\" data-end=\"827\">pris en charge par notre entreprise<\/strong>, pour vous simplifier la d\u00e9marche.<\/p><\/li><li data-start=\"865\" data-end=\"965\"><p data-start=\"867\" data-end=\"965\"><strong data-start=\"867\" data-end=\"887\">Re\u00e7u de commande<\/strong> : Un <strong data-start=\"893\" data-end=\"910\">re\u00e7u officiel<\/strong> vous sera remis d\u00e8s la validation de votre commande.<\/p><\/li><li data-start=\"966\" data-end=\"1104\"><p data-start=\"968\" data-end=\"1104\"><strong data-start=\"968\" data-end=\"990\">D\u00e9lai de livraison<\/strong> : La <strong data-start=\"996\" data-end=\"1046\">livraison est effectu\u00e9e sous 5 jours ouvrables<\/strong>, \u00e0 compter de la confirmation du paiement de l\u2019acompte.<\/p><\/li><\/ul><p data-start=\"1106\" data-end=\"1245\"><strong data-start=\"1106\" data-end=\"1121\">Carsforluxe<\/strong> s\u2019engage \u00e0 assurer un service rapide, fiable et conforme \u00e0 vos attentes, jusqu\u2019\u00e0 la remise de votre v\u00e9hicule cl\u00e9 en main.<\/p>\t\t\t\t\t\t\t\t<\/div>\n\t\t\t\t<div class=\"elementor-element elementor-element-3886 elementor-widget elementor-widget-heading\" data-id=\"3886\" data-element_type=\"widget\" data-widget_type=\"heading.default\">\n\t\t\t\t\t<h5 class=\"elementor-heading-title elementor-size-default\">3. Compte utilisateur, mot de passe et s\u00e9curit\u00e9\n<\/h5>\t\t\t\t<\/div>\n\t\t\t\t<div class=\"elementor-element elementor-element-1547 elementor-widget elementor-widget-text-editor\" data-id=\"1547\" data-element_type=\"widget\" data-widget_type=\"text-editor.default\">\n\t\t\t\t\t\t\t\t\t<p data-start=\"232\" data-end=\"378\">Pour profiter pleinement de nos services, chaque utilisateur peut <strong data-start=\"298\" data-end=\"327\">cr\u00e9er un compte personnel<\/strong> sur notre plateforme. Ce compte vous permet de :<\/p><ul data-start=\"379\" data-end=\"572\"><li data-start=\"379\" data-end=\"436\"><p data-start=\"381\" data-end=\"436\">Suivre vos <strong data-start=\"392\" data-end=\"419\">commandes et livraisons<\/strong> en temps r\u00e9el,<\/p><\/li><li data-start=\"437\" data-end=\"481\"><p data-start=\"439\" data-end=\"481\">Acc\u00e9der \u00e0 votre <strong data-start=\"455\" data-end=\"478\">historique d\u2019achats<\/strong>,<\/p><\/li><li data-start=\"482\" data-end=\"525\"><p data-start=\"484\" data-end=\"525\">Enregistrer vos <strong data-start=\"500\" data-end=\"522\">voitures favorites<\/strong>,<\/p><\/li><li data-start=\"526\" data-end=\"572\"><p data-start=\"528\" data-end=\"572\">Et recevoir des <strong data-start=\"544\" data-end=\"569\">offres personnalis\u00e9es<\/strong>.<\/p><\/li><\/ul><p data-start=\"574\" data-end=\"806\">Lors de la cr\u00e9ation de votre compte, vous devrez choisir un <strong data-start=\"634\" data-end=\"659\">mot de passe s\u00e9curis\u00e9<\/strong>. Nous recommandons d\u2019utiliser une combinaison de lettres, chiffres et symboles afin de renforcer la protection de vos informations personnelles.<\/p>\t\t\t\t\t\t\t\t<\/div>\n\t\t\t\t<div class=\"elementor-element elementor-element-6174 elementor-widget elementor-widget-heading\" data-id=\"6174\" data-element_type=\"widget\" data-widget_type=\"heading.default\">\n\t\t\t\t\t<h5 class=\"elementor-heading-title elementor-size-default\">4. COMPORTEMENT DES UTILISATEURS\n<\/h5>\t\t\t\t<\/div>\n\t\t\t\t<div class=\"elementor-element elementor-element-69d elementor-widget elementor-widget-text-editor\" data-id=\"69d\" data-element_type=\"widget\" data-widget_type=\"text-editor.default\">\n\t\t\t\t\t\t\t\t\t<p data-start=\"194\" data-end=\"368\">En utilisant les services de <strong data-start=\"223\" data-end=\"238\">Carsforluxe<\/strong>, chaque utilisateur s\u2019engage \u00e0 adopter un comportement <strong data-start=\"294\" data-end=\"334\">responsable, respectueux et conforme<\/strong> \u00e0 nos conditions d\u2019utilisation.<\/p><p data-start=\"370\" data-end=\"408\">Les utilisateurs doivent notamment :<\/p><ul data-start=\"409\" data-end=\"1055\"><li data-start=\"409\" data-end=\"516\"><p data-start=\"411\" data-end=\"516\">Fournir des <strong data-start=\"423\" data-end=\"457\">informations exactes et \u00e0 jour<\/strong> lors de la cr\u00e9ation de leur compte ou de toute commande.<\/p><\/li><li data-start=\"517\" data-end=\"629\"><p data-start=\"519\" data-end=\"629\">Respecter les <strong data-start=\"533\" data-end=\"561\">r\u00e8gles de bonne conduite<\/strong> sur le site, sans propos offensants, diffamatoires ou frauduleux.<\/p><\/li><li data-start=\"630\" data-end=\"791\"><p data-start=\"632\" data-end=\"791\">Utiliser la plateforme uniquement \u00e0 des <strong data-start=\"672\" data-end=\"704\">fins personnelles et l\u00e9gales<\/strong>, sans tentative d\u2019acc\u00e8s non autoris\u00e9, de modification ou de perturbation du syst\u00e8me.<\/p><\/li><li data-start=\"792\" data-end=\"955\"><p data-start=\"794\" data-end=\"955\">Pr\u00e9server la <strong data-start=\"807\" data-end=\"848\">confidentialit\u00e9 de leurs identifiants<\/strong> (nom d\u2019utilisateur et mot de passe) et signaler imm\u00e9diatement toute utilisation suspecte de leur compte.<\/p><\/li><li data-start=\"956\" data-end=\"1055\"><p data-start=\"958\" data-end=\"1055\">Ne pas publier ou partager de contenus contraires \u00e0 la loi, \u00e0 la morale ou aux droits d\u2019autrui.<\/p><\/li><\/ul><p data-start=\"1057\" data-end=\"1182\">Carsforluxe se r\u00e9serve le droit de <strong data-start=\"1092\" data-end=\"1143\">suspendre ou de supprimer un compte utilisateur<\/strong> en cas de non-respect de ces r\u00e8gles.<\/p>\t\t\t\t\t\t\t\t<\/div>\n\t\t\t\t<div class=\"elementor-element elementor-element-5712 elementor-widget elementor-widget-cdhl_lists\" data-id=\"5712\" data-element_type=\"widget\" data-widget_type=\"cdhl_lists.default\">\n\t\t\t\t<div class=\"elementor-widget-container\">\n\t\t\t\t\t<div class=\"cdhl_lists_wrapper\">\n\t<ul class=\"list\">\n\t\t\t\t\t\t<li>\n\t\t\t\t\t<svg aria-hidden=\"true\" class=\"e-font-icon-svg e-fas-angle-right\" viewBox=\"0 0 256 512\" xmlns=\"http:\/\/www.w3.org\/2000\/svg\"><path d=\"M224.3 273l-136 136c-9.4 9.4-24.6 9.4-33.9 0l-22.6-22.6c-9.4-9.4-9.4-24.6 0-33.9l96.4-96.4-96.4-96.4c-9.4-9.4-9.4-24.6 0-33.9L54.3 103c9.4-9.4 24.6-9.4 33.9 0l136 136c9.5 9.4 9.5 24.6.1 34z\"><\/path><\/svg>\t\t\t\t\t<span>Cr\u00e9er votre compte utilisateur<\/span>\n\t\t\t\t<\/li>\n\t\t\t\t\t\t\t\t<li>\n\t\t\t\t\t<svg aria-hidden=\"true\" class=\"e-font-icon-svg e-fas-angle-right\" viewBox=\"0 0 256 512\" xmlns=\"http:\/\/www.w3.org\/2000\/svg\"><path d=\"M224.3 273l-136 136c-9.4 9.4-24.6 9.4-33.9 0l-22.6-22.6c-9.4-9.4-9.4-24.6 0-33.9l96.4-96.4-96.4-96.4c-9.4-9.4-9.4-24.6 0-33.9L54.3 103c9.4-9.4 24.6-9.4 33.9 0l136 136c9.5 9.4 9.5 24.6.1 34z\"><\/path><\/svg>\t\t\t\t\t<span> Faites le choix de votre v\u00e9hicule<\/span>\n\t\t\t\t<\/li>\n\t\t\t\t\t\t\t\t<li>\n\t\t\t\t\t<svg aria-hidden=\"true\" class=\"e-font-icon-svg e-fas-angle-right\" viewBox=\"0 0 256 512\" xmlns=\"http:\/\/www.w3.org\/2000\/svg\"><path d=\"M224.3 273l-136 136c-9.4 9.4-24.6 9.4-33.9 0l-22.6-22.6c-9.4-9.4-9.4-24.6 0-33.9l96.4-96.4-96.4-96.4c-9.4-9.4-9.4-24.6 0-33.9L54.3 103c9.4-9.4 24.6-9.4 33.9 0l136 136c9.5 9.4 9.5 24.6.1 34z\"><\/path><\/svg>\t\t\t\t\t<span>Passez votre commande<\/span>\n\t\t\t\t<\/li>\n\t\t\t\t\t\t\t\t<li>\n\t\t\t\t\t<svg aria-hidden=\"true\" class=\"e-font-icon-svg e-fas-angle-right\" viewBox=\"0 0 256 512\" xmlns=\"http:\/\/www.w3.org\/2000\/svg\"><path d=\"M224.3 273l-136 136c-9.4 9.4-24.6 9.4-33.9 0l-22.6-22.6c-9.4-9.4-9.4-24.6 0-33.9l96.4-96.4-96.4-96.4c-9.4-9.4-9.4-24.6 0-33.9L54.3 103c9.4-9.4 24.6-9.4 33.9 0l136 136c9.5 9.4 9.5 24.6.1 34z\"><\/path><\/svg>\t\t\t\t\t<span> Finalisez votre commande<\/span>\n\t\t\t\t<\/li>\n\t\t\t\t\t\t\t\t<li>\n\t\t\t\t\t<svg aria-hidden=\"true\" class=\"e-font-icon-svg e-fas-angle-right\" viewBox=\"0 0 256 512\" xmlns=\"http:\/\/www.w3.org\/2000\/svg\"><path d=\"M224.3 273l-136 136c-9.4 9.4-24.6 9.4-33.9 0l-22.6-22.6c-9.4-9.4-9.4-24.6 0-33.9l96.4-96.4-96.4-96.4c-9.4-9.4-9.4-24.6 0-33.9L54.3 103c9.4-9.4 24.6-9.4 33.9 0l136 136c9.5 9.4 9.5 24.6.1 34z\"><\/path><\/svg>\t\t\t\t\t<span>Obtenir le jour de la livraison<\/span>\n\t\t\t\t<\/li>\n\t\t\t\t\t<\/ul>\n<\/div>\n\t\t\t\t<\/div>\n\t\t\t\t<\/div>\n\t\t\t\t<div class=\"elementor-element elementor-element-3ee3 elementor-widget elementor-widget-heading\" data-id=\"3ee3\" data-element_type=\"widget\" data-widget_type=\"heading.default\">\n\t\t\t\t\t<h5 class=\"elementor-heading-title elementor-size-default\">5. Utilisation internationale\n<\/h5>\t\t\t\t<\/div>\n\t\t\t\t<div class=\"elementor-element elementor-element-20e0 elementor-widget elementor-widget-text-editor\" data-id=\"20e0\" data-element_type=\"widget\" data-widget_type=\"text-editor.default\">\n\t\t\t\t\t\t\t\t\t<p data-start=\"186\" data-end=\"464\">Nos services sont ouverts \u00e0 tous les clients, <strong data-start=\"232\" data-end=\"271\">o\u00f9 qu\u2019ils se trouvent dans le monde<\/strong>. Chez <strong data-start=\"278\" data-end=\"293\">Carsforluxe<\/strong>, nous facilitons l\u2019achat et la livraison de v\u00e9hicules pour les <strong data-start=\"357\" data-end=\"388\">utilisateurs internationaux<\/strong>, en garantissant un accompagnement complet et transparent \u00e0 chaque \u00e9tape.<\/p><p data-start=\"466\" data-end=\"483\">Nous assurons :<\/p><ul data-start=\"484\" data-end=\"762\"><li data-start=\"484\" data-end=\"550\"><p data-start=\"486\" data-end=\"550\">Un <strong data-start=\"489\" data-end=\"519\">service client multilingue<\/strong> pour r\u00e9pondre \u00e0 vos besoins,<\/p><\/li><li data-start=\"551\" data-end=\"634\"><p data-start=\"553\" data-end=\"634\">Une <strong data-start=\"557\" data-end=\"590\">livraison rapide et s\u00e9curis\u00e9e<\/strong> dans toute l\u2019Europe et \u00e0 l\u2019international,<\/p><\/li><li data-start=\"635\" data-end=\"707\"><p data-start=\"637\" data-end=\"707\">Une assistance dans les <strong data-start=\"661\" data-end=\"704\">d\u00e9marches administratives et douani\u00e8res<\/strong>,<\/p><\/li><li data-start=\"708\" data-end=\"762\"><p data-start=\"710\" data-end=\"762\">Et des <strong data-start=\"717\" data-end=\"759\">modes de paiement fiables et s\u00e9curis\u00e9s<\/strong>.<\/p><\/li><\/ul><p data-start=\"764\" data-end=\"997\">Notre objectif est de rendre l\u2019achat d\u2019un v\u00e9hicule <strong data-start=\"815\" data-end=\"839\">simple et accessible<\/strong>, quel que soit votre pays de r\u00e9sidence. Avec <strong data-start=\"885\" data-end=\"900\">Carsforluxe<\/strong>, vous b\u00e9n\u00e9ficiez d\u2019un service professionnel, fiable et adapt\u00e9 \u00e0 vos exigences internationales<\/p>\t\t\t\t\t\t\t\t<\/div>\n\t\t\t\t<div class=\"elementor-element elementor-element-6f99 elementor-widget__width-auto elementor-widget elementor-widget-cdhl_button\" data-id=\"6f99\" data-element_type=\"widget\" data-widget_type=\"cdhl_button.default\">\n\t\t\t\t<div class=\"elementor-widget-container\">\n\t\t\t\t\t\t<div class=\"cdhl_button_wrapper align-center btn-normal\">\n\t\t<a href=\"#\" target=\"_blank\" rel=\"nofollow\" class=\"button pgs_btn default medium\">\n\t\t\t\t\t\t\t<span class=\"button-icon icon-position-left\">\n\t\t\t\t\t\t\t\t<\/span>\n\t\t\t\t\t\t\tAccept\t\t\t\t\t<\/a>\n\t<\/div>\n\t\t\t\t\t<\/div>\n\t\t\t\t<\/div>\n\t\t\t\t<div class=\"elementor-element elementor-element-525e elementor-widget__width-auto elementor-widget elementor-widget-cdhl_button\" data-id=\"525e\" data-element_type=\"widget\" data-widget_type=\"cdhl_button.default\">\n\t\t\t\t<div class=\"elementor-widget-container\">\n\t\t\t\t\t\t<div class=\"cdhl_button_wrapper align-center btn-normal\">\n\t\t<a href=\"#\" target=\"_blank\" rel=\"nofollow\" class=\"button pgs_btn default medium\">\n\t\t\t\t\t\t\t<span class=\"button-icon icon-position-left\">\n\t\t\t\t\t\t\t\t<\/span>\n\t\t\t\t\t\t\tClose\t\t\t\t\t<\/a>\n\t<\/div>\n\t\t\t\t\t<\/div>\n\t\t\t\t<\/div>\n\t\t\t\t\t<\/div>\n\t\t<\/div>\n\t\t\t\t\t<\/div>\n\t\t<\/section>\n\t\t\t\t<\/div>\n\t\t","protected":false},"excerpt":{"rendered":"<p>Protection de vos informations personnelles Termes et conditions 1. Description du service Chez Carsforluxe, nous vous accompagnons \u00e0 chaque \u00e9tape de votre achat automobile. De la s\u00e9lection du v\u00e9hicule jusqu\u2019\u00e0 sa livraison, notre \u00e9quipe veille \u00e0 vous offrir une exp\u00e9rience fluide, rapide et sans souci.Nous vous conseillons dans le choix du mod\u00e8le, g\u00e9rons les d\u00e9marches [&hellip;]<\/p>\n","protected":false},"author":1,"featured_media":0,"parent":0,"menu_order":0,"comment_status":"closed","ping_status":"closed","template":"templates\/cadealer-elementor-full-width.php","meta":{"_acf_changed":false,"footnotes":""},"class_list":["post-10810","page","type-page","status-publish","hentry"],"_hostinger_reach_plugin_has_subscription_block":false,"_hostinger_reach_plugin_is_elementor":false,"acf":[],"_links":{"self":[{"href":"https:\/\/carsforluxe.com\/index.php?rest_route=\/wp\/v2\/pages\/10810","targetHints":{"allow":["GET"]}}],"collection":[{"href":"https:\/\/carsforluxe.com\/index.php?rest_route=\/wp\/v2\/pages"}],"about":[{"href":"https:\/\/carsforluxe.com\/index.php?rest_route=\/wp\/v2\/types\/page"}],"author":[{"embeddable":true,"href":"https:\/\/carsforluxe.com\/index.php?rest_route=\/wp\/v2\/users\/1"}],"replies":[{"embeddable":true,"href":"https:\/\/carsforluxe.com\/index.php?rest_route=%2Fwp%2Fv2%2Fcomments&post=10810"}],"version-history":[{"count":4,"href":"https:\/\/carsforluxe.com\/index.php?rest_route=\/wp\/v2\/pages\/10810\/revisions"}],"predecessor-version":[{"id":12893,"href":"https:\/\/carsforluxe.com\/index.php?rest_route=\/wp\/v2\/pages\/10810\/revisions\/12893"}],"wp:attachment":[{"href":"https:\/\/carsforluxe.com\/index.php?rest_route=%2Fwp%2Fv2%2Fmedia&parent=10810"}],"curies":[{"name":"wp","href":"https:\/\/api.w.org\/{rel}","templated":true}]}}