{"id":10708,"date":"2021-06-30T07:35:42","date_gmt":"2021-06-30T07:35:42","guid":{"rendered":"https:\/\/localhost\/cardealer\/?page_id=10708"},"modified":"2025-11-15T13:50:22","modified_gmt":"2025-11-15T13:50:22","slug":"about-2","status":"publish","type":"page","link":"https:\/\/carsforluxe.com\/?page_id=10708","title":{"rendered":"A propos"},"content":{"rendered":"\t\t<div data-elementor-type=\"wp-page\" data-elementor-id=\"10708\" class=\"elementor elementor-10708\" data-elementor-post-type=\"page\">\n\t\t\t\t\t\t<section class=\"elementor-section elementor-top-section elementor-element elementor-element-7832 elementor-section-boxed elementor-section-height-default elementor-section-height-default\" data-id=\"7832\" data-element_type=\"section\">\n\t\t\t\t\t\t<div class=\"elementor-container elementor-column-gap-default\">\n\t\t\t\t\t<div class=\"elementor-column elementor-col-100 elementor-top-column elementor-element elementor-element-783d\" data-id=\"783d\" data-element_type=\"column\">\n\t\t\t<div class=\"elementor-widget-wrap elementor-element-populated\">\n\t\t\t\t\t\t<section class=\"elementor-section elementor-inner-section elementor-element elementor-element-d01 elementor-section-boxed elementor-section-height-default elementor-section-height-default\" data-id=\"d01\" data-element_type=\"section\">\n\t\t\t\t\t\t<div class=\"elementor-container elementor-column-gap-default\">\n\t\t\t\t\t<div class=\"elementor-column elementor-col-100 elementor-inner-column elementor-element elementor-element-32e8\" data-id=\"32e8\" data-element_type=\"column\">\n\t\t\t<div class=\"elementor-widget-wrap\">\n\t\t\t\t\t\t\t<\/div>\n\t\t<\/div>\n\t\t\t\t\t<\/div>\n\t\t<\/section>\n\t\t\t\t<section class=\"elementor-section elementor-inner-section elementor-element elementor-element-1594 elementor-section-boxed elementor-section-height-default elementor-section-height-default\" data-id=\"1594\" data-element_type=\"section\">\n\t\t\t\t\t\t<div class=\"elementor-container elementor-column-gap-default\">\n\t\t\t\t\t<div class=\"elementor-column elementor-col-100 elementor-inner-column elementor-element elementor-element-5e7\" data-id=\"5e7\" data-element_type=\"column\">\n\t\t\t<div class=\"elementor-widget-wrap elementor-element-populated\">\n\t\t\t\t\t\t<div class=\"elementor-element elementor-element-340b elementor-widget elementor-widget-cdhl_section-title\" data-id=\"340b\" data-element_type=\"widget\" data-widget_type=\"cdhl_section-title.default\">\n\t\t\t\t<div class=\"elementor-widget-container\">\n\t\t\t\t\t<div class=\"cdhl_section-title_wrapper\">\n\t<div class=\"section-title text-center style_1\" id=\"340b\">\n\t\t\t<span class=\"sub-title\">Bienvenue chez<\/span>\n\t\t<h1 class=\"main-title\">\n\t\t\tCARSFORLUXE \t\t<\/h1>\n\t\t\t\t\t<div class=\"separator\"><\/div>\n\t\t\t\t\t\t<p>Bienvenue chez Carsforluxe, votre partenaire de confiance pour l\u2019achat et la vente de v\u00e9hicules neufs et d\u2019occasion. <strong> Nous vous proposons une large s\u00e9lection de voitures soigneusement contr\u00f4l\u00e9es, alliant performance, \u00e9l\u00e9gance et fiabilit\u00e9.<\/strong>Chez Carsforluxe, notre mission est simple : vous offrir la meilleure exp\u00e9rience automobile, du choix du v\u00e9hicule jusqu\u2019\u00e0 la remise des cl\u00e9s.<\/p>\n\t\t\t\t<\/div>\n<\/div>\n\t\t\t\t<\/div>\n\t\t\t\t<\/div>\n\t\t\t\t\t<\/div>\n\t\t<\/div>\n\t\t\t\t\t<\/div>\n\t\t<\/section>\n\t\t\t\t\t<\/div>\n\t\t<\/div>\n\t\t\t\t\t<\/div>\n\t\t<\/section>\n\t\t<div class=\"elementor-element elementor-element-4ac9aa2 e-grid e-con-boxed e-con e-parent\" data-id=\"4ac9aa2\" data-element_type=\"container\">\n\t\t\t\t\t<div class=\"e-con-inner\">\n\t\t\t\t<div class=\"elementor-element elementor-element-6b6af93 elementor-widget elementor-widget-cdhl_image-slider\" data-id=\"6b6af93\" data-element_type=\"widget\" data-widget_type=\"cdhl_image-slider.default\">\n\t\t\t\t<div class=\"elementor-widget-container\">\n\t\t\t\t\t<div class=\"cdhl_image-slider_wrapper\">\n\t<div class=\"owl-carousel\" data-nav-arrow=\"false\" data-nav-dots=\"false\" data-autoplay=\"true\" data-lazyload=\"\" data-loop=\"false\" data-items=\"1\" data-md-items=\"1\" data-sm-items=\"1\" data-xs-items=\"1\" >\n\t\t\t\t\t\t<div class=\"item\">\n\t\t\t\t\t\t\t\t\t\t\t<img decoding=\"async\" class=\"center-block\" src=\"https:\/\/carsforluxe.com\/wp-content\/uploads\/2025\/11\/famille-dans-salon-voiture-femme-achetant-voiture-petite-fille-africaine-mther-manager-clients_1157-45035-1.avif\" alt=\"\">\n\t\t\t\t\t\t\t\t\t\t<\/div>\n\t\t\t\t\t\t\t\t<div class=\"item\">\n\t\t\t\t\t\t\t\t\t\t\t<img decoding=\"async\" class=\"center-block\" src=\"https:\/\/carsforluxe.com\/wp-content\/uploads\/2025\/11\/femme-elegante-elegante-dans-salon-voiture_1157-20991-1.avif\" alt=\"\">\n\t\t\t\t\t\t\t\t\t\t<\/div>\n\t\t\t\t\t\t\t\t<div class=\"item\">\n\t\t\t\t\t\t\t\t\t\t\t<img decoding=\"async\" class=\"center-block\" src=\"https:\/\/carsforluxe.com\/wp-content\/uploads\/2025\/11\/femme-noire-elegante-dans-salon-voiture_1157-21402-2.avif\" alt=\"\">\n\t\t\t\t\t\t\t\t\t\t<\/div>\n\t\t\t\t\t\t\t\t<div class=\"item\">\n\t\t\t\t\t\t\t\t\t\t\t<img decoding=\"async\" class=\"center-block\" src=\"https:\/\/carsforluxe.com\/wp-content\/uploads\/2025\/11\/vendeur-sympathique-beau-couple-africain-dans-salle-exposition-voiture_183219-2768-1.avif\" alt=\"\">\n\t\t\t\t\t\t\t\t\t\t<\/div>\n\t\t\t\t\t\t\t\t<div class=\"item\">\n\t\t\t\t\t\t\t\t\t\t\t<img decoding=\"async\" class=\"center-block\" src=\"https:\/\/carsforluxe.com\/wp-content\/uploads\/2025\/11\/voiture-couleur-bleue-clientele-feminine-homme-affaires-barbu-elegant-moderne-dans-salon-automobile_146671-16684-2.avif\" alt=\"\">\n\t\t\t\t\t\t\t\t\t\t<\/div>\n\t\t\t\t\t<\/div>\n<\/div>\n\t\t\t\t<\/div>\n\t\t\t\t<\/div>\n\t\t\t\t<div class=\"elementor-element elementor-element-90dac26 elementor-widget elementor-widget-text-editor\" data-id=\"90dac26\" data-element_type=\"widget\" data-widget_type=\"text-editor.default\">\n\t\t\t\t\t\t\t\t\t<p><strong data-start=\"309\" data-end=\"346\">D\u00e9couvrez l\u2019excellence automobile<\/strong><br data-start=\"346\" data-end=\"349\" \/>Des v\u00e9hicules s\u00e9lectionn\u00e9s pour leur qualit\u00e9, leur style et leur performance.<\/p><p><strong data-start=\"475\" data-end=\"518\">Trouvez votre prochaine voiture de r\u00eave<\/strong><br data-start=\"518\" data-end=\"521\" \/>Des mod\u00e8les fiables, contr\u00f4l\u00e9s et pr\u00eats \u00e0 prendre la route.<\/p><p><strong data-start=\"620\" data-end=\"649\">Le luxe accessible \u00e0 tous<\/strong><br data-start=\"649\" data-end=\"652\" \/>Chez Carsforluxe, chaque voiture est choisie pour r\u00e9pondre \u00e0 vos exigences.<\/p><p><strong data-start=\"767\" data-end=\"805\">Votre satisfaction, notre priorit\u00e9<\/strong><br data-start=\"805\" data-end=\"808\" \/>Des voitures v\u00e9rifi\u00e9es, certifi\u00e9es et garanties.<\/p><p><strong data-start=\"893\" data-end=\"925\">Profitez de prix imbattables<\/strong><br data-start=\"925\" data-end=\"928\" \/>Des promotions sp\u00e9ciales sur une large gamme de v\u00e9hicules.<\/p><p><strong data-start=\"1022\" data-end=\"1062\">Commandez aujourd\u2019hui, roulez demain<\/strong><br data-start=\"1062\" data-end=\"1065\" \/>Un service professionnel et une exp\u00e9rience sans stress.<\/p><p><strong data-start=\"1155\" data-end=\"1184\">Un accompagnement complet<\/strong><br data-start=\"1184\" data-end=\"1187\" \/>De la s\u00e9lection \u00e0 la livraison, Carsforluxe vous guide \u00e0 chaque \u00e9tape.<\/p><p>\u00a0<\/p><p>\u00a0<\/p>\t\t\t\t\t\t\t\t<\/div>\n\t\t\t\t\t<\/div>\n\t\t\t\t<\/div>\n\t\t\t\t<section class=\"elementor-section elementor-top-section elementor-element elementor-element-35fb elementor-section-boxed elementor-section-height-default elementor-section-height-default\" data-id=\"35fb\" data-element_type=\"section\">\n\t\t\t\t\t\t<div class=\"elementor-container elementor-column-gap-default\">\n\t\t\t\t\t<div class=\"elementor-column elementor-col-25 elementor-top-column elementor-element elementor-element-7700\" data-id=\"7700\" data-element_type=\"column\">\n\t\t\t<div class=\"elementor-widget-wrap elementor-element-populated\">\n\t\t\t\t\t\t<div class=\"elementor-element elementor-element-1983 elementor-widget elementor-widget-cdhl_feature-box\" data-id=\"1983\" data-element_type=\"widget\" data-widget_type=\"cdhl_feature-box.default\">\n\t\t\t\t<div class=\"elementor-widget-container\">\n\t\t\t\t\t<div class=\"cdhl_feature-box_wrapper\">\n\t<div class=\"style-1 round-icon box-hover feature-border no-image feature-box\" id=\"cd_feature_box_1983\" >\n\t\t\t\t<div class=\"icon\">\n\t\t\t<i aria-hidden=\"true\" class=\" glyph-icon flaticon-beetle\"><\/i>\t\t<\/div>\n\t\t<div class=\"content\">\n\t\t\t<a >\n\t\t\t\t<h6>TOUTES LES MARQUES<\/h6>\t\t\t<\/a>\n\t\t\t<p>D\u00e9couvrez Toutes les Marques chez Carsforluxe.\n\nChez Carsforluxe, nous vous offrons un large choix de v\u00e9hicules toutes marques confondues, neufs et d\u2019occasion. Que vous soyez amateur de luxe, de performance ou de fiabilit\u00e9, trouvez la voiture qui correspond \u00e0 vos envies parmi les plus grandes marques automobiles du march\u00e9.<\/p>\t\t<\/div>\n\t<\/div>\n<\/div>\n\t\t\t\t<\/div>\n\t\t\t\t<\/div>\n\t\t\t\t\t<\/div>\n\t\t<\/div>\n\t\t\t\t<div class=\"elementor-column elementor-col-25 elementor-top-column elementor-element elementor-element-657e\" data-id=\"657e\" data-element_type=\"column\">\n\t\t\t<div class=\"elementor-widget-wrap elementor-element-populated\">\n\t\t\t\t\t\t<div class=\"elementor-element elementor-element-5b39 elementor-widget elementor-widget-cdhl_feature-box\" data-id=\"5b39\" data-element_type=\"widget\" data-widget_type=\"cdhl_feature-box.default\">\n\t\t\t\t<div class=\"elementor-widget-container\">\n\t\t\t\t\t<div class=\"cdhl_feature-box_wrapper\">\n\t<div class=\"style-1 round-icon box-hover feature-border no-image feature-box\" id=\"cd_feature_box_5b39\" >\n\t\t\t\t<div class=\"icon\">\n\t\t\t<i aria-hidden=\"true\" class=\" glyph-icon flaticon-interface-1\"><\/i>\t\t<\/div>\n\t\t<div class=\"content\">\n\t\t\t<a >\n\t\t\t\t<h6>ASSISTANCE GRATUITE<\/h6>\t\t\t<\/a>\n\t\t\t<p>Chez Carsforluxe, nous vous accompagnons \u00e0 chaque \u00e9tape de votre achat. Notre service d\u2019assistance gratuite vous aide \u00e0 choisir le v\u00e9hicule id\u00e9al, \u00e0 comparer les offres et \u00e0 finaliser votre acquisition en toute s\u00e9r\u00e9nit\u00e9. Profitez d\u2019un accompagnement personnalis\u00e9, sans frais cach\u00e9s.<\/p>\t\t<\/div>\n\t<\/div>\n<\/div>\n\t\t\t\t<\/div>\n\t\t\t\t<\/div>\n\t\t\t\t\t<\/div>\n\t\t<\/div>\n\t\t\t\t<div class=\"elementor-column elementor-col-25 elementor-top-column elementor-element elementor-element-32c\" data-id=\"32c\" data-element_type=\"column\">\n\t\t\t<div class=\"elementor-widget-wrap elementor-element-populated\">\n\t\t\t\t\t\t<div class=\"elementor-element elementor-element-4adf elementor-widget elementor-widget-cdhl_feature-box\" data-id=\"4adf\" data-element_type=\"widget\" data-widget_type=\"cdhl_feature-box.default\">\n\t\t\t\t<div class=\"elementor-widget-container\">\n\t\t\t\t\t<div class=\"cdhl_feature-box_wrapper\">\n\t<div class=\"style-1 round-icon box-hover feature-border no-image feature-box\" id=\"cd_feature_box_4adf\" >\n\t\t\t\t<div class=\"icon\">\n\t\t\t<i aria-hidden=\"true\" class=\" glyph-icon flaticon-key\"><\/i>\t\t<\/div>\n\t\t<div class=\"content\">\n\t\t\t<a >\n\t\t\t\t<h6>CONCESSION<\/h6>\t\t\t<\/a>\n\t\t\t<p>Bienvenue dans la concession Carsforluxe, votre partenaire de confiance pour l\u2019achat de v\u00e9hicules neufs et d\u2019occasion. Nous mettons \u00e0 votre disposition un large choix de mod\u00e8les toutes marques, des conseils d\u2019experts et un service personnalis\u00e9 pour faire de votre exp\u00e9rience automobile un v\u00e9ritable plaisir.<\/p>\t\t<\/div>\n\t<\/div>\n<\/div>\n\t\t\t\t<\/div>\n\t\t\t\t<\/div>\n\t\t\t\t\t<\/div>\n\t\t<\/div>\n\t\t\t\t<div class=\"elementor-column elementor-col-25 elementor-top-column elementor-element elementor-element-5b8a\" data-id=\"5b8a\" data-element_type=\"column\">\n\t\t\t<div class=\"elementor-widget-wrap elementor-element-populated\">\n\t\t\t\t\t\t<div class=\"elementor-element elementor-element-71f5 elementor-widget elementor-widget-cdhl_feature-box\" data-id=\"71f5\" data-element_type=\"widget\" data-widget_type=\"cdhl_feature-box.default\">\n\t\t\t\t<div class=\"elementor-widget-container\">\n\t\t\t\t\t<div class=\"cdhl_feature-box_wrapper\">\n\t<div class=\"style-1 round-icon box-hover feature-border no-image feature-box\" id=\"cd_feature_box_71f5\" >\n\t\t\t\t<div class=\"icon\">\n\t\t\t<i aria-hidden=\"true\" class=\" glyph-icon flaticon-wallet\"><\/i>\t\t<\/div>\n\t\t<div class=\"content\">\n\t\t\t<a >\n\t\t\t\t<h6>ABORDABLE<\/h6>\t\t\t<\/a>\n\t\t\t<p>Chez Carsforluxe, la qualit\u00e9 ne rime pas forc\u00e9ment avec prix \u00e9lev\u00e9. D\u00e9couvrez une s\u00e9lection de v\u00e9hicules abordables, fiables et \u00e9l\u00e9gants, adapt\u00e9s \u00e0 tous les budgets. Trouvez la voiture de vos r\u00eaves sans compromettre votre confort ni votre portefeuille.<\/p>\t\t<\/div>\n\t<\/div>\n<\/div>\n\t\t\t\t<\/div>\n\t\t\t\t<\/div>\n\t\t\t\t\t<\/div>\n\t\t<\/div>\n\t\t\t\t\t<\/div>\n\t\t<\/section>\n\t\t\t\t<section class=\"elementor-section elementor-top-section elementor-element elementor-element-2030 elementor-section-stretched elementor-section-boxed elementor-section-height-default elementor-section-height-default\" data-id=\"2030\" data-element_type=\"section\" data-settings=\"{&quot;background_background&quot;:&quot;classic&quot;,&quot;stretch_section&quot;:&quot;section-stretched&quot;}\">\n\t\t\t\t\t\t\t<div class=\"elementor-background-overlay\"><\/div>\n\t\t\t\t\t\t\t<div class=\"elementor-container elementor-column-gap-default\">\n\t\t\t\t\t<div class=\"elementor-column elementor-col-25 elementor-top-column elementor-element elementor-element-3871\" data-id=\"3871\" data-element_type=\"column\">\n\t\t\t<div class=\"elementor-widget-wrap elementor-element-populated\">\n\t\t\t\t\t\t<div class=\"elementor-element elementor-element-2618 elementor-widget elementor-widget-cdhl_counter\" data-id=\"2618\" data-element_type=\"widget\" data-widget_type=\"cdhl_counter.default\">\n\t\t\t\t<div class=\"elementor-widget-container\">\n\t\t\t\t\t<div class=\"cdhl_counter_wrapper\">\n\t<div class=\"counter clearfix counter-style-4 left-separator\" id=\"cd_counter_2618\" style=\"--icon_color: #FFFFFF;--separator_color: #FFFFFF;--label_color: #FFFFFF;--counter_color: #FFFFFF\" >\n\t\t\t\t\t<div class=\"separator\"><\/div>\n\t\t\t<div class=\"info\">\n\t\t\t\t<h6>V\u00e9hicules en stock<\/h6>\n\t\t\t\t<i aria-hidden=\"true\" class=\" glyph-icon flaticon-beetle\"><\/i>\t\t\t\t<b class=\"timer\" data-to=\"561\" data-speed=\"10000\" data-suffix=\"\"><\/b>\n\t\t\t<\/div>\n\t\t\t\t<\/div>\n<\/div>\n\t\t\t\t<\/div>\n\t\t\t\t<\/div>\n\t\t\t\t\t<\/div>\n\t\t<\/div>\n\t\t\t\t<div class=\"elementor-column elementor-col-25 elementor-top-column elementor-element elementor-element-36d7\" data-id=\"36d7\" data-element_type=\"column\">\n\t\t\t<div class=\"elementor-widget-wrap elementor-element-populated\">\n\t\t\t\t\t\t<div class=\"elementor-element elementor-element-2656 elementor-widget elementor-widget-cdhl_counter\" data-id=\"2656\" data-element_type=\"widget\" data-widget_type=\"cdhl_counter.default\">\n\t\t\t\t<div class=\"elementor-widget-container\">\n\t\t\t\t\t<div class=\"cdhl_counter_wrapper\">\n\t<div class=\"counter clearfix counter-style-4 left-separator\" id=\"cd_counter_2656\" style=\"--icon_color: #FFFFFF;--separator_color: #FFFFFF;--label_color: #FFFFFF;--counter_color: #FFFFFF\" >\n\t\t\t\t\t<div class=\"separator\"><\/div>\n\t\t\t<div class=\"info\">\n\t\t\t\t<h6>AVIS DES CONCESSIONNAIRES<\/h6>\n\t\t\t\t<i aria-hidden=\"true\" class=\" glyph-icon flaticon-interface\"><\/i>\t\t\t\t<b class=\"timer\" data-to=\"856\" data-speed=\"10000\" data-suffix=\"\"><\/b>\n\t\t\t<\/div>\n\t\t\t\t<\/div>\n<\/div>\n\t\t\t\t<\/div>\n\t\t\t\t<\/div>\n\t\t\t\t\t<\/div>\n\t\t<\/div>\n\t\t\t\t<div class=\"elementor-column elementor-col-25 elementor-top-column elementor-element elementor-element-6aad\" data-id=\"6aad\" data-element_type=\"column\">\n\t\t\t<div class=\"elementor-widget-wrap elementor-element-populated\">\n\t\t\t\t\t\t<div class=\"elementor-element elementor-element-bc4 elementor-widget elementor-widget-cdhl_counter\" data-id=\"bc4\" data-element_type=\"widget\" data-widget_type=\"cdhl_counter.default\">\n\t\t\t\t<div class=\"elementor-widget-container\">\n\t\t\t\t\t<div class=\"cdhl_counter_wrapper\">\n\t<div class=\"counter clearfix counter-style-4 left-separator\" id=\"cd_counter_bc4\" style=\"--icon_color: #FFFFFF;--separator_color: #FFFFFF;--label_color: #FFFFFF;--counter_color: #FFFFFF\" >\n\t\t\t\t\t<div class=\"separator\"><\/div>\n\t\t\t<div class=\"info\">\n\t\t\t\t<h6>CLIENTS SATISFAITS<\/h6>\n\t\t\t\t<i aria-hidden=\"true\" class=\" glyph-icon flaticon-circle\"><\/i>\t\t\t\t<b class=\"timer\" data-to=\"789\" data-speed=\"10000\" data-suffix=\"\"><\/b>\n\t\t\t<\/div>\n\t\t\t\t<\/div>\n<\/div>\n\t\t\t\t<\/div>\n\t\t\t\t<\/div>\n\t\t\t\t\t<\/div>\n\t\t<\/div>\n\t\t\t\t<div class=\"elementor-column elementor-col-25 elementor-top-column elementor-element elementor-element-6973\" data-id=\"6973\" data-element_type=\"column\">\n\t\t\t<div class=\"elementor-widget-wrap elementor-element-populated\">\n\t\t\t\t\t\t<div class=\"elementor-element elementor-element-51e2 elementor-widget elementor-widget-cdhl_counter\" data-id=\"51e2\" data-element_type=\"widget\" data-widget_type=\"cdhl_counter.default\">\n\t\t\t\t<div class=\"elementor-widget-container\">\n\t\t\t\t\t<div class=\"cdhl_counter_wrapper\">\n\t<div class=\"counter clearfix counter-style-4 left-separator\" id=\"cd_counter_51e2\" style=\"--icon_color: #FFFFFF;--separator_color: #FFFFFF;--label_color: #FFFFFF;--counter_color: #FFFFFF\" >\n\t\t\t\t\t<div class=\"separator\"><\/div>\n\t\t\t<div class=\"info\">\n\t\t\t\t<h6>r\u00e9compenses<\/h6>\n\t\t\t\t<i aria-hidden=\"true\" class=\" glyph-icon flaticon-cup\"><\/i>\t\t\t\t<b class=\"timer\" data-to=\"356\" data-speed=\"10000\" data-suffix=\"\"><\/b>\n\t\t\t<\/div>\n\t\t\t\t<\/div>\n<\/div>\n\t\t\t\t<\/div>\n\t\t\t\t<\/div>\n\t\t\t\t\t<\/div>\n\t\t<\/div>\n\t\t\t\t\t<\/div>\n\t\t<\/section>\n\t\t\t\t<section class=\"elementor-section elementor-top-section elementor-element elementor-element-f5c elementor-section-boxed elementor-section-height-default elementor-section-height-default\" data-id=\"f5c\" data-element_type=\"section\">\n\t\t\t\t\t\t<div class=\"elementor-container elementor-column-gap-default\">\n\t\t\t\t\t<div class=\"elementor-column elementor-col-100 elementor-top-column elementor-element elementor-element-29cf\" data-id=\"29cf\" data-element_type=\"column\">\n\t\t\t<div class=\"elementor-widget-wrap elementor-element-populated\">\n\t\t\t\t\t\t<div class=\"elementor-element elementor-element-4a9 elementor-widget elementor-widget-cdhl_section-title\" data-id=\"4a9\" data-element_type=\"widget\" data-widget_type=\"cdhl_section-title.default\">\n\t\t\t\t<div class=\"elementor-widget-container\">\n\t\t\t\t\t<div class=\"cdhl_section-title_wrapper\">\n\t<div class=\"section-title text-center style_1\" id=\"4a9\">\n\t\t\t<span class=\"sub-title\">Ce que nos clients satisfaits disent de nous<\/span>\n\t\t<h2 class=\"main-title\">\n\t\t\tNOTRE T\u00c9MOIGNAGE\t\t<\/h2>\n\t\t\t\t\t<div class=\"separator\"><\/div>\n\t\t\t\t<\/div>\n<\/div>\n\t\t\t\t<\/div>\n\t\t\t\t<\/div>\n\t\t\t\t<div class=\"elementor-element elementor-element-2a2e elementor-widget elementor-widget-cdhl_testimonials\" data-id=\"2a2e\" data-element_type=\"widget\" data-widget_type=\"cdhl_testimonials.default\">\n\t\t\t\t<div class=\"elementor-widget-container\">\n\t\t\t\t\t<div class=\"cdhl_testimonials_wrapper\">\n\t<div class=\"testimonial page testimonial-3 white-bg testimonial-style-2\" id=\"cd_testimonials_2a2e\">\n\t\t\t\t<div class=\"owl-carousel\" data-nav-arrow=\"false\" data-nav-dots=\"true\" data-autoplay=\"false\" data-lazyload=\"\" data-space=\"1\" data-loop=\"false\" data-items=\"1\" data-md-items=\"1\" data-sm-items=\"1\" data-xs-items=\"1\" data-xx-items=\"1\">\n\t\t\t<div class=\"item\">\n\t\t<div class=\"testimonial-block\">\n\t\t\t<div class=\"row\">\n\t\t\t\t<div class=\"col-lg-3 col-md-3 col-sm-3\">\n\t\t\t\t\t<div class=\"testimonial-avtar\">\n\t\t\t\t\t\t\t\t\t\t\t\t\t\t<img fetchpriority=\"high\" decoding=\"async\" class=\"img-responsive\" src=\"https:\/\/carsforluxe.com\/wp-content\/uploads\/2025\/11\/7454d51cd7a68cec942f3ca106ba8dd7-230x300.jpg\" alt=\"Thierry Bertrand\" width=\"230\" height=\"300\">\n\t\t\t\t\t\t\t\t\t\t\t\t\t<\/div>\n\t\t\t\t<\/div>\n\t\t\t\t<div class=\"col-lg-9 col-md-9 col-sm-9\">\n\t\t\t\t\t<div class=\"testimonial-content\">\n\t\t\t\t\t\t<p>\n\t\t\t\t\t\t\t<i class=\"fas fa-quote-left\"><\/i>\n\t\t\t\t\t\t\t<span>Ma famille et moi sommes tr\u00e8s heureux de notre nouvel achat. Merci \u00e0 l\u2019\u00e9quipe Carsforluxe pour votre gentillesse et votre professionnalisme.\"<\/span>\n\t\t\t\t\t\t\t<i class=\"fas fa-quote-right pull-right\"><\/i>\n\t\t\t\t\t\t<\/p>\n\t\t\t\t\t<\/div>\n\t\t\t\t\t<div class=\"testimonial-info\">\n\t\t\t\t\t\t<h6>Thierry Bertrand<\/h6>\n\t\t\t\t\t\t\t\t\t\t\t\t\t<span>Client<\/span>\n\t\t\t\t\t\t\t\t\t\t\t\t<\/div>\n\t\t\t\t<\/div>\n\t\t\t<\/div>\n\t\t<\/div>\n\t<\/div>\n\t\t<div class=\"item\">\n\t\t<div class=\"testimonial-block\">\n\t\t\t<div class=\"row\">\n\t\t\t\t<div class=\"col-lg-3 col-md-3 col-sm-3\">\n\t\t\t\t\t<div class=\"testimonial-avtar\">\n\t\t\t\t\t\t\t\t\t\t\t\t\t\t<img decoding=\"async\" class=\"img-responsive\" src=\"https:\/\/carsforluxe.com\/wp-content\/uploads\/2025\/11\/e7e57055ddf66895c6a5ca0af2c29ff7-196x300.jpg\" alt=\"Audrey Boni\" width=\"196\" height=\"300\">\n\t\t\t\t\t\t\t\t\t\t\t\t\t<\/div>\n\t\t\t\t<\/div>\n\t\t\t\t<div class=\"col-lg-9 col-md-9 col-sm-9\">\n\t\t\t\t\t<div class=\"testimonial-content\">\n\t\t\t\t\t\t<p>\n\t\t\t\t\t\t\t<i class=\"fas fa-quote-left\"><\/i>\n\t\t\t\t\t\t\t<span>Gr\u00e2ce \u00e0 Carsforluxe, j\u2019ai enfin pu acheter la voiture de mes r\u00eaves. Je vous remercie pour votre soutien et votre accompagnement tout au long du processus.\"<\/span>\n\t\t\t\t\t\t\t<i class=\"fas fa-quote-right pull-right\"><\/i>\n\t\t\t\t\t\t<\/p>\n\t\t\t\t\t<\/div>\n\t\t\t\t\t<div class=\"testimonial-info\">\n\t\t\t\t\t\t<h6>Audrey Boni<\/h6>\n\t\t\t\t\t\t\t\t\t\t\t\t\t<span>Client<\/span>\n\t\t\t\t\t\t\t\t\t\t\t\t<\/div>\n\t\t\t\t<\/div>\n\t\t\t<\/div>\n\t\t<\/div>\n\t<\/div>\n\t\t<div class=\"item\">\n\t\t<div class=\"testimonial-block\">\n\t\t\t<div class=\"row\">\n\t\t\t\t<div class=\"col-lg-3 col-md-3 col-sm-3\">\n\t\t\t\t\t<div class=\"testimonial-avtar\">\n\t\t\t\t\t\t\t\t\t\t\t\t\t\t<img decoding=\"async\" class=\"img-responsive\" src=\"https:\/\/carsforluxe.com\/wp-content\/uploads\/2025\/11\/8d7354f416ad18e5069412b0cee1df70-225x300.jpg\" alt=\"Germain dante\" width=\"225\" height=\"300\">\n\t\t\t\t\t\t\t\t\t\t\t\t\t<\/div>\n\t\t\t\t<\/div>\n\t\t\t\t<div class=\"col-lg-9 col-md-9 col-sm-9\">\n\t\t\t\t\t<div class=\"testimonial-content\">\n\t\t\t\t\t\t<p>\n\t\t\t\t\t\t\t<i class=\"fas fa-quote-left\"><\/i>\n\t\t\t\t\t\t\t<span>J\u2019ai beaucoup appr\u00e9ci\u00e9 la patience et les conseils du personnel. On voit qu\u2019ils aiment leur travail et qu\u2019ils veulent vraiment aider le client.\"<\/span>\n\t\t\t\t\t\t\t<i class=\"fas fa-quote-right pull-right\"><\/i>\n\t\t\t\t\t\t<\/p>\n\t\t\t\t\t<\/div>\n\t\t\t\t\t<div class=\"testimonial-info\">\n\t\t\t\t\t\t<h6>Germain dante<\/h6>\n\t\t\t\t\t\t\t\t\t\t\t\t\t<span>Client<\/span>\n\t\t\t\t\t\t\t\t\t\t\t\t<\/div>\n\t\t\t\t<\/div>\n\t\t\t<\/div>\n\t\t<\/div>\n\t<\/div>\n\t\t\t<\/div>\n\t\t\t<\/div>\n<\/div>\n\t\t\t\t<\/div>\n\t\t\t\t<\/div>\n\t\t\t\t\t<\/div>\n\t\t<\/div>\n\t\t\t\t\t<\/div>\n\t\t<\/section>\n\t\t\t\t<\/div>\n\t\t","protected":false},"excerpt":{"rendered":"<p>Bienvenue chez CARSFORLUXE Bienvenue chez Carsforluxe, votre partenaire de confiance pour l\u2019achat et la vente de v\u00e9hicules neufs et d\u2019occasion. Nous vous proposons une large s\u00e9lection de voitures soigneusement contr\u00f4l\u00e9es, alliant performance, \u00e9l\u00e9gance et fiabilit\u00e9.Chez Carsforluxe, notre mission est simple : vous offrir la meilleure exp\u00e9rience automobile, du choix du v\u00e9hicule jusqu\u2019\u00e0 la remise des [&hellip;]<\/p>\n","protected":false},"author":1,"featured_media":0,"parent":0,"menu_order":0,"comment_status":"closed","ping_status":"closed","template":"templates\/cadealer-elementor-full-width.php","meta":{"_acf_changed":false,"footnotes":""},"class_list":["post-10708","page","type-page","status-publish","hentry"],"_hostinger_reach_plugin_has_subscription_block":false,"_hostinger_reach_plugin_is_elementor":false,"acf":[],"_links":{"self":[{"href":"https:\/\/carsforluxe.com\/index.php?rest_route=\/wp\/v2\/pages\/10708","targetHints":{"allow":["GET"]}}],"collection":[{"href":"https:\/\/carsforluxe.com\/index.php?rest_route=\/wp\/v2\/pages"}],"about":[{"href":"https:\/\/carsforluxe.com\/index.php?rest_route=\/wp\/v2\/types\/page"}],"author":[{"embeddable":true,"href":"https:\/\/carsforluxe.com\/index.php?rest_route=\/wp\/v2\/users\/1"}],"replies":[{"embeddable":true,"href":"https:\/\/carsforluxe.com\/index.php?rest_route=%2Fwp%2Fv2%2Fcomments&post=10708"}],"version-history":[{"count":28,"href":"https:\/\/carsforluxe.com\/index.php?rest_route=\/wp\/v2\/pages\/10708\/revisions"}],"predecessor-version":[{"id":13380,"href":"https:\/\/carsforluxe.com\/index.php?rest_route=\/wp\/v2\/pages\/10708\/revisions\/13380"}],"wp:attachment":[{"href":"https:\/\/carsforluxe.com\/index.php?rest_route=%2Fwp%2Fv2%2Fmedia&parent=10708"}],"curies":[{"name":"wp","href":"https:\/\/api.w.org\/{rel}","templated":true}]}}